{"id":1589,"date":"2023-12-05T16:40:38","date_gmt":"2023-12-05T14:40:38","guid":{"rendered":"https:\/\/utrans.ee\/konfidentsiaalsuspoliitika\/"},"modified":"2024-03-07T16:05:37","modified_gmt":"2024-03-07T14:05:37","slug":"konfidentsiaalsuspoliitika","status":"publish","type":"page","link":"https:\/\/utrans.ee\/et\/konfidentsiaalsuspoliitika\/","title":{"rendered":"Konfidentsiaalsuspoliitika"},"content":{"rendered":"<p>[et_pb_section fb_built=&#8221;1&#8243; custom_padding_last_edited=&#8221;on|phone&#8221; admin_label=&#8221;section&#8221; _builder_version=&#8221;4.24.2&#8243; background_color=&#8221;RGBA(242,242,242,0.89)&#8221; vertical_offset_tablet=&#8221;&#8221; vertical_offset_phone=&#8221;&#8221; vertical_offset_last_edited=&#8221;on|phone&#8221; custom_margin_tablet=&#8221;&#8221; custom_margin_phone=&#8221;-17px||||false|false&#8221; custom_margin_last_edited=&#8221;on|phone&#8221; custom_padding_tablet=&#8221;&#8221; custom_padding_phone=&#8221;0px||||false|false&#8221; global_colors_info=&#8221;{}&#8221;][et_pb_row admin_label=&#8221;rida&#8221; _builder_version=&#8221;4.16&#8243; background_size=&#8221;initial&#8221; background_position=&#8221;top_left&#8221; background_repeat=&#8221;repeat&#8221; global_colors_info=&#8221;{}&#8221;][et_pb_column type=&#8221;4_4&#8243; _builder_version=&#8221;4.16&#8243; custom_padding=&#8221;|||&#8221; global_colors_info=&#8221;{}&#8221; custom_padding__hover=&#8221;|||&#8221;][et_pb_text admin_label=&#8221;Text&#8221; _builder_version=&#8221;4.24.0&#8243; _module_preset=&#8221;5647290e-17cf-4ac2-8b91-193f16fa9ef2&#8243; background_size=&#8221;initial&#8221; background_position=&#8221;top_left&#8221; background_repeat=&#8221;repeat&#8221; global_colors_info=&#8221;{}&#8221;]<\/p>\n<p>&nbsp;<\/p>\n<h2>Kes me oleme<\/h2>\n<p> Meie veebileht on: https:\/\/utrans.ee.<\/p>\n<h2>K\u00fcpsisefailide kasutamine<\/h2>\n<p><span>Kui Teie t\u00e4idate veebilehel p\u00e4ringuvormi, v\u00f5ite lubada oma nime, e-posti aadressi ja veebisaidi k\u00fcpsistesse salvestamise. Need on Teie mugavuse huvides, et Teie ei peaks uue p\u00e4ringu j\u00e4tmisel oma andmeid uuesti sisestama. Need k\u00fcpsised j\u00e4\u00e4vad \u00fcheks aastaks.<\/span><\/p>\n<p><span>Kui Teie k\u00fclastate meie sisselogimislehte, seadistame ajutise k\u00fcpsise, et teha kindlaks, kas Teie brauser aktsepteerib k\u00fcpsiseid. See k\u00fcpsis ei sisalda isikuandmeid ja see visatakse \u00e4ra, kui sulgete brauseri.<\/span><\/p>\n<h2> Spamivastane kaitse<\/h2>\n<p><span>Kui Teie t\u00e4idate veebilehel p\u00e4ringuvormi, palutakse Teid lahendada ka lihtne \u00fclesanne, et kaitsta veebisaidi pahatahtlike r\u00fcnnakute eest mida sooritavad mitte-inimestest k\u00fclastajad (st robotid). Seda tehakse ka veebisaidi spamivastase kaitse eesm\u00e4rgil. See teenus kontrollib, kas konkreetset tegevust meie veebisaidil, n\u00e4iteks p\u00e4ringu vormi t\u00e4itmist teostab f\u00fc\u00fcsiline isik v\u00f5i automatiseeritud arvutiprogramm (nt r\u00e4mpspostitarkvara).<\/span><\/p>\n<h2>Teistelt veebilehtedelt lisatud sisu<\/h2>\n<p>Selle saidi artiklid v\u00f5ivad sisaldada varjatud sisu (nt videod, pildid, artiklid jne). Teiste veebisaitide sisseehitatud sisu k\u00e4itub t\u00e4pselt samamoodi, nagu oleks k\u00fclastaja k\u00fclastanud teist veebisaiti.  <\/p>\n<p>Need veebisaidid v\u00f5ivad koguda teie kohta andmeid, kasutada k\u00fcpsiseid, varjata t\u00e4iendavat kolmanda osapoole j\u00e4lgimist ja j\u00e4lgida teie suhtlemist selle varjatud sisuga, sealhulgas j\u00e4lgida teie suhtlemist varjatud sisuga, kui teil on konto ja olete sellele veebisaidile sisse logitud.<\/p>\n<h2>Kui kaua me Teie andmeid s\u00e4ilitame?<\/h2>\n<p>Kui Teie t\u00e4idate veebilehel p\u00e4ringu vormi, s\u00e4ilitatakse p\u00e4ring ise ja selle metaandmed m\u00e4\u00e4ramata ajaks. Seda on selleks, et saaksime Teie p\u00e4ringule vastata, kasutades Teie poolt antud kontaktandmeid, ning kohandada pakkumist vastavalt Teie vajadustele ja eelistustele.<\/p>\n<p> Veebilehe administraator samuti n\u00e4eb andmeid v\u00f5ib teha muudatusi.<\/p>\n<h2>Millised \u00f5igused Teil oma andmete \u00fcle on<\/h2>\n<p>V\u00f5ite taotleda, et kustutaksime k\u00f5ik Teie kohta s\u00e4ilitatavad isikuandmed. See ei h\u00f5lma andmeid, mida oleme kohustatud s\u00e4ilitama haldus-, \u00f5igus- v\u00f5i turvaeesm\u00e4rkidel. Samuti v\u00f5ite taotleda, et me kustutaksime teie kohta k\u00e4ivad isikuandmed. See ei h\u00f5lma andmeid, mida me oleme kohustatud s\u00e4ilitama haldus-, \u00f5igus- v\u00f5i julgeolekueesm\u00e4rkidel. <\/p>\n<p>[\/et_pb_text][\/et_pb_column][\/et_pb_row][\/et_pb_section]<\/p>\n","protected":false},"excerpt":{"rendered":"<p>&nbsp; Kes me oleme Meie veebileht on: https:\/\/utrans.ee. K\u00fcpsisefailide kasutamine Kui Teie t\u00e4idate veebilehel p\u00e4ringuvormi, v\u00f5ite lubada oma nime, e-posti aadressi ja veebisaidi k\u00fcpsistesse salvestamise. Need on Teie mugavuse huvides, et Teie ei peaks uue p\u00e4ringu j\u00e4tmisel oma andmeid uuesti sisestama. Need k\u00fcpsised j\u00e4\u00e4vad \u00fcheks aastaks. Kui Teie k\u00fclastate meie sisselogimislehte, seadistame ajutise k\u00fcpsise, et [&hellip;]<\/p>\n","protected":false},"author":1,"featured_media":0,"parent":0,"menu_order":0,"comment_status":"closed","ping_status":"open","template":"","meta":{"_et_pb_use_builder":"on","_et_pb_old_content":"","_et_gb_content_width":"","footnotes":""},"class_list":["post-1589","page","type-page","status-publish","hentry"],"yoast_head":"<!-- This site is optimized with the Yoast SEO plugin v23.5 - https:\/\/yoast.com\/wordpress\/plugins\/seo\/ -->\n<title>Konfidentsiaalsuspoliitika - Utrans Logistics<\/title>\n<meta name=\"robots\" content=\"index, follow, max-snippet:-1, max-image-preview:large, max-video-preview:-1\" \/>\n<link rel=\"canonical\" href=\"https:\/\/utrans.ee\/et\/konfidentsiaalsuspoliitika\/\" \/>\n<meta property=\"og:locale\" content=\"et_EE\" \/>\n<meta property=\"og:type\" content=\"article\" \/>\n<meta property=\"og:title\" content=\"Konfidentsiaalsuspoliitika - Utrans Logistics\" \/>\n<meta property=\"og:description\" content=\"&nbsp; Kes me oleme Meie veebileht on: https:\/\/utrans.ee. K\u00fcpsisefailide kasutamine Kui Teie t\u00e4idate veebilehel p\u00e4ringuvormi, v\u00f5ite lubada oma nime, e-posti aadressi ja veebisaidi k\u00fcpsistesse salvestamise. Need on Teie mugavuse huvides, et Teie ei peaks uue p\u00e4ringu j\u00e4tmisel oma andmeid uuesti sisestama. Need k\u00fcpsised j\u00e4\u00e4vad \u00fcheks aastaks. Kui Teie k\u00fclastate meie sisselogimislehte, seadistame ajutise k\u00fcpsise, et [&hellip;]\" \/>\n<meta property=\"og:url\" content=\"https:\/\/utrans.ee\/et\/konfidentsiaalsuspoliitika\/\" \/>\n<meta property=\"og:site_name\" content=\"Utrans Logistics\" \/>\n<meta property=\"article:modified_time\" content=\"2024-03-07T14:05:37+00:00\" \/>\n<meta name=\"twitter:card\" content=\"summary_large_image\" \/>\n<meta name=\"twitter:label1\" content=\"Est. reading time\" \/>\n\t<meta name=\"twitter:data1\" content=\"2 minutit\" \/>\n<script type=\"application\/ld+json\" class=\"yoast-schema-graph\">{\"@context\":\"https:\/\/schema.org\",\"@graph\":[{\"@type\":\"WebPage\",\"@id\":\"https:\/\/utrans.ee\/et\/konfidentsiaalsuspoliitika\/\",\"url\":\"https:\/\/utrans.ee\/et\/konfidentsiaalsuspoliitika\/\",\"name\":\"Konfidentsiaalsuspoliitika - Utrans Logistics\",\"isPartOf\":{\"@id\":\"https:\/\/utrans.ee\/et\/#website\"},\"datePublished\":\"2023-12-05T14:40:38+00:00\",\"dateModified\":\"2024-03-07T14:05:37+00:00\",\"breadcrumb\":{\"@id\":\"https:\/\/utrans.ee\/et\/konfidentsiaalsuspoliitika\/#breadcrumb\"},\"inLanguage\":\"et\",\"potentialAction\":[{\"@type\":\"ReadAction\",\"target\":[\"https:\/\/utrans.ee\/et\/konfidentsiaalsuspoliitika\/\"]}]},{\"@type\":\"BreadcrumbList\",\"@id\":\"https:\/\/utrans.ee\/et\/konfidentsiaalsuspoliitika\/#breadcrumb\",\"itemListElement\":[{\"@type\":\"ListItem\",\"position\":1,\"name\":\"Home\",\"item\":\"https:\/\/utrans.ee\/et\/\"},{\"@type\":\"ListItem\",\"position\":2,\"name\":\"Konfidentsiaalsuspoliitika\"}]},{\"@type\":\"WebSite\",\"@id\":\"https:\/\/utrans.ee\/et\/#website\",\"url\":\"https:\/\/utrans.ee\/et\/\",\"name\":\"Utrans.ee\",\"description\":\"Cargo logistics all over the world\",\"publisher\":{\"@id\":\"https:\/\/utrans.ee\/et\/#organization\"},\"potentialAction\":[{\"@type\":\"SearchAction\",\"target\":{\"@type\":\"EntryPoint\",\"urlTemplate\":\"https:\/\/utrans.ee\/et\/?s={search_term_string}\"},\"query-input\":{\"@type\":\"PropertyValueSpecification\",\"valueRequired\":true,\"valueName\":\"search_term_string\"}}],\"inLanguage\":\"et\"},{\"@type\":\"Organization\",\"@id\":\"https:\/\/utrans.ee\/et\/#organization\",\"name\":\"Utrans Logistics\",\"url\":\"https:\/\/utrans.ee\/et\/\",\"logo\":{\"@type\":\"ImageObject\",\"inLanguage\":\"et\",\"@id\":\"https:\/\/utrans.ee\/et\/#\/schema\/logo\/image\/\",\"url\":\"https:\/\/utrans.ee\/wp-content\/uploads\/2024\/01\/Utrans-new2.png\",\"contentUrl\":\"https:\/\/utrans.ee\/wp-content\/uploads\/2024\/01\/Utrans-new2.png\",\"width\":700,\"height\":236,\"caption\":\"Utrans Logistics\"},\"image\":{\"@id\":\"https:\/\/utrans.ee\/et\/#\/schema\/logo\/image\/\"},\"sameAs\":[\"https:\/\/www.linkedin.com\/in\/julia-durduk-3437a412a?originalSubdomain=ee\"]}]}<\/script>\n<!-- \/ Yoast SEO plugin. -->","yoast_head_json":{"title":"Konfidentsiaalsuspoliitika - Utrans Logistics","robots":{"index":"index","follow":"follow","max-snippet":"max-snippet:-1","max-image-preview":"max-image-preview:large","max-video-preview":"max-video-preview:-1"},"canonical":"https:\/\/utrans.ee\/et\/konfidentsiaalsuspoliitika\/","og_locale":"et_EE","og_type":"article","og_title":"Konfidentsiaalsuspoliitika - Utrans Logistics","og_description":"&nbsp; Kes me oleme Meie veebileht on: https:\/\/utrans.ee. K\u00fcpsisefailide kasutamine Kui Teie t\u00e4idate veebilehel p\u00e4ringuvormi, v\u00f5ite lubada oma nime, e-posti aadressi ja veebisaidi k\u00fcpsistesse salvestamise. Need on Teie mugavuse huvides, et Teie ei peaks uue p\u00e4ringu j\u00e4tmisel oma andmeid uuesti sisestama. Need k\u00fcpsised j\u00e4\u00e4vad \u00fcheks aastaks. Kui Teie k\u00fclastate meie sisselogimislehte, seadistame ajutise k\u00fcpsise, et [&hellip;]","og_url":"https:\/\/utrans.ee\/et\/konfidentsiaalsuspoliitika\/","og_site_name":"Utrans Logistics","article_modified_time":"2024-03-07T14:05:37+00:00","twitter_card":"summary_large_image","twitter_misc":{"Est. reading time":"2 minutit"},"schema":{"@context":"https:\/\/schema.org","@graph":[{"@type":"WebPage","@id":"https:\/\/utrans.ee\/et\/konfidentsiaalsuspoliitika\/","url":"https:\/\/utrans.ee\/et\/konfidentsiaalsuspoliitika\/","name":"Konfidentsiaalsuspoliitika - Utrans Logistics","isPartOf":{"@id":"https:\/\/utrans.ee\/et\/#website"},"datePublished":"2023-12-05T14:40:38+00:00","dateModified":"2024-03-07T14:05:37+00:00","breadcrumb":{"@id":"https:\/\/utrans.ee\/et\/konfidentsiaalsuspoliitika\/#breadcrumb"},"inLanguage":"et","potentialAction":[{"@type":"ReadAction","target":["https:\/\/utrans.ee\/et\/konfidentsiaalsuspoliitika\/"]}]},{"@type":"BreadcrumbList","@id":"https:\/\/utrans.ee\/et\/konfidentsiaalsuspoliitika\/#breadcrumb","itemListElement":[{"@type":"ListItem","position":1,"name":"Home","item":"https:\/\/utrans.ee\/et\/"},{"@type":"ListItem","position":2,"name":"Konfidentsiaalsuspoliitika"}]},{"@type":"WebSite","@id":"https:\/\/utrans.ee\/et\/#website","url":"https:\/\/utrans.ee\/et\/","name":"Utrans.ee","description":"Cargo logistics all over the world","publisher":{"@id":"https:\/\/utrans.ee\/et\/#organization"},"potentialAction":[{"@type":"SearchAction","target":{"@type":"EntryPoint","urlTemplate":"https:\/\/utrans.ee\/et\/?s={search_term_string}"},"query-input":{"@type":"PropertyValueSpecification","valueRequired":true,"valueName":"search_term_string"}}],"inLanguage":"et"},{"@type":"Organization","@id":"https:\/\/utrans.ee\/et\/#organization","name":"Utrans Logistics","url":"https:\/\/utrans.ee\/et\/","logo":{"@type":"ImageObject","inLanguage":"et","@id":"https:\/\/utrans.ee\/et\/#\/schema\/logo\/image\/","url":"https:\/\/utrans.ee\/wp-content\/uploads\/2024\/01\/Utrans-new2.png","contentUrl":"https:\/\/utrans.ee\/wp-content\/uploads\/2024\/01\/Utrans-new2.png","width":700,"height":236,"caption":"Utrans Logistics"},"image":{"@id":"https:\/\/utrans.ee\/et\/#\/schema\/logo\/image\/"},"sameAs":["https:\/\/www.linkedin.com\/in\/julia-durduk-3437a412a?originalSubdomain=ee"]}]}},"_links":{"self":[{"href":"https:\/\/utrans.ee\/et\/wp-json\/wp\/v2\/pages\/1589","targetHints":{"allow":["GET"]}}],"collection":[{"href":"https:\/\/utrans.ee\/et\/wp-json\/wp\/v2\/pages"}],"about":[{"href":"https:\/\/utrans.ee\/et\/wp-json\/wp\/v2\/types\/page"}],"author":[{"embeddable":true,"href":"https:\/\/utrans.ee\/et\/wp-json\/wp\/v2\/users\/1"}],"replies":[{"embeddable":true,"href":"https:\/\/utrans.ee\/et\/wp-json\/wp\/v2\/comments?post=1589"}],"version-history":[{"count":12,"href":"https:\/\/utrans.ee\/et\/wp-json\/wp\/v2\/pages\/1589\/revisions"}],"predecessor-version":[{"id":1792,"href":"https:\/\/utrans.ee\/et\/wp-json\/wp\/v2\/pages\/1589\/revisions\/1792"}],"wp:attachment":[{"href":"https:\/\/utrans.ee\/et\/wp-json\/wp\/v2\/media?parent=1589"}],"curies":[{"name":"wp","href":"https:\/\/api.w.org\/{rel}","templated":true}]}}