{"id":1550,"date":"2023-12-15T17:14:00","date_gmt":"2023-12-15T15:14:00","guid":{"rendered":"https:\/\/utrans.ee\/raudteekaubaveod\/"},"modified":"2024-02-22T14:54:09","modified_gmt":"2024-02-22T12:54:09","slug":"raudteekaubaveod","status":"publish","type":"page","link":"https:\/\/utrans.ee\/et\/raudteekaubaveod\/","title":{"rendered":"Raudteekaubaveod"},"content":{"rendered":"<p>[et_pb_section fb_built=&#8221;1&#8243; _builder_version=&#8221;4.24.0&#8243; _module_preset=&#8221;default&#8221; background_color=&#8221;RGBA(242,242,242,0.89)&#8221; custom_margin_tablet=&#8221;&#8221; custom_margin_phone=&#8221;-21px||||false|false&#8221; custom_margin_last_edited=&#8221;on|phone&#8221; custom_padding=&#8221;10px||1px|||&#8221; global_colors_info=&#8221;{}&#8221;][et_pb_row _builder_version=&#8221;4.23.1&#8243; _module_preset=&#8221;default&#8221; width=&#8221;84%&#8221; max_width=&#8221;100%&#8221; custom_padding=&#8221;42px|||||&#8221; border_width_bottom=&#8221;2px&#8221; border_style_bottom=&#8221;double&#8221; global_colors_info=&#8221;{}&#8221;][et_pb_column type=&#8221;4_4&#8243; _builder_version=&#8221;4.22.2&#8243; _module_preset=&#8221;default&#8221; global_colors_info=&#8221;{}&#8221;][et_pb_text _builder_version=&#8221;4.23.1&#8243; _module_preset=&#8221;default&#8221; header_2_font=&#8221;Oswald|700||on|||||&#8221; header_2_text_align=&#8221;left&#8221; header_2_text_color=&#8221;#333333&#8243; header_2_letter_spacing=&#8221;2px&#8221; header_2_line_height=&#8221;1.3em&#8221; header_3_font=&#8221;Arial||||||||&#8221; text_orientation=&#8221;center&#8221; width=&#8221;95%&#8221; max_width=&#8221;100%&#8221; module_alignment=&#8221;left&#8221; custom_margin=&#8221;||-15px|-17px|false|false&#8221; custom_padding=&#8221;||8px|0px|false|false&#8221; header_2_text_align_tablet=&#8221;left&#8221; header_2_text_align_phone=&#8221;center&#8221; header_2_text_align_last_edited=&#8221;on|desktop&#8221; global_colors_info=&#8221;{}&#8221;]<\/p>\n<h2>Raudteekaubaveod<\/h2>\n<p>[\/et_pb_text][\/et_pb_column][\/et_pb_row][\/et_pb_section][et_pb_section fb_built=&#8221;1&#8243; custom_padding_last_edited=&#8221;on|phone&#8221; _builder_version=&#8221;4.22.2&#8243; _module_preset=&#8221;default&#8221; background_color=&#8221;RGBA(242,242,242,0.89)&#8221; custom_padding=&#8221;6px||12px||false|false&#8221; custom_padding_tablet=&#8221;20px||||false|false&#8221; custom_padding_phone=&#8221;0px||||false|false&#8221; global_colors_info=&#8221;{}&#8221;][et_pb_row column_structure=&#8221;1_4,3_4&#8243; _builder_version=&#8221;4.23.1&#8243; _module_preset=&#8221;default&#8221; width=&#8221;84%&#8221; max_width=&#8221;95%&#8221; custom_padding=&#8221;|0px|4px||false|false&#8221; collapsed=&#8221;off&#8221; global_colors_info=&#8221;{}&#8221;][et_pb_column type=&#8221;1_4&#8243; _builder_version=&#8221;4.23.1&#8243; _module_preset=&#8221;default&#8221; position_origin_a_tablet=&#8221;&#8221; position_origin_a_phone=&#8221;&#8221; position_origin_a_last_edited=&#8221;on|phone&#8221; position_origin_f_tablet=&#8221;&#8221; position_origin_f_phone=&#8221;&#8221; position_origin_f_last_edited=&#8221;on|phone&#8221; position_origin_r_tablet=&#8221;&#8221; position_origin_r_phone=&#8221;&#8221; position_origin_r_last_edited=&#8221;on|phone&#8221; positioning_tablet=&#8221;&#8221; positioning_phone=&#8221;none&#8221; positioning_last_edited=&#8221;on|phone&#8221; global_colors_info=&#8221;{}&#8221;][et_pb_image src=&#8221;https:\/\/utrans.ee\/wp-content\/uploads\/2024\/02\/Utrans-rail.jpg&#8221; alt=&#8221;UTrans Logistics Raudteekaubaveod&#8221; title_text=&#8221;Utrans Raudteekaubaveod&#8221; align_tablet=&#8221;&#8221; align_phone=&#8221;center&#8221; align_last_edited=&#8221;on|phone&#8221; _builder_version=&#8221;4.24.0&#8243; _module_preset=&#8221;default&#8221; width_tablet=&#8221;&#8221; width_phone=&#8221;95%&#8221; width_last_edited=&#8221;on|phone&#8221; max_width_tablet=&#8221;&#8221; max_width_phone=&#8221;95%&#8221; max_width_last_edited=&#8221;on|phone&#8221; module_alignment_tablet=&#8221;&#8221; module_alignment_phone=&#8221;center&#8221; module_alignment_last_edited=&#8221;on|phone&#8221; border_width_all=&#8221;2px&#8221; border_color_all=&#8221;#777777&#8243; global_colors_info=&#8221;{}&#8221;][\/et_pb_image][\/et_pb_column][et_pb_column type=&#8221;3_4&#8243; _builder_version=&#8221;4.23.1&#8243; _module_preset=&#8221;default&#8221; z_index=&#8221;3&#8243; position_origin_a_tablet=&#8221;&#8221; position_origin_a_phone=&#8221;&#8221; position_origin_a_last_edited=&#8221;on|phone&#8221; position_origin_f_tablet=&#8221;&#8221; position_origin_f_phone=&#8221;&#8221; position_origin_f_last_edited=&#8221;on|phone&#8221; position_origin_r_tablet=&#8221;&#8221; position_origin_r_phone=&#8221;&#8221; position_origin_r_last_edited=&#8221;on|phone&#8221; positioning_tablet=&#8221;&#8221; positioning_phone=&#8221;none&#8221; positioning_last_edited=&#8221;on|phone&#8221; global_colors_info=&#8221;{}&#8221;][et_pb_text _builder_version=&#8221;4.24.0&#8243; _module_preset=&#8221;5647290e-17cf-4ac2-8b91-193f16fa9ef2&#8243; custom_padding_tablet=&#8221;&#8221; custom_padding_phone=&#8221;|||7px|false|false&#8221; custom_padding_last_edited=&#8221;on|phone&#8221; global_colors_info=&#8221;{}&#8221;]<\/p>\n<p><span><strong>UTrans Logistics O\u00dc<\/strong> osutab raudteekaubaveo teenuseid ja sel on OTSELEPING EESTI RAUDTEEGA, mis v\u00f5imaldab pakkuda klientidele soodustariifi. <\/span><\/p>\n<p><span>Raudteekaubavedu kujutab endast soodsat varianti mitmesuguste veoste transportimiseks pikkade vahemaade taha, raskesti ligip\u00e4\u00e4setavatesse piirkondadesse, kus autoveod on praktiliselt v\u00e4listatud. Lisaks kindlusele ja v\u00e4ikseimale avariilisusele on raudteekaubavedu k\u00f5ige rentaablim kauba transportimise viis, mille puhul suhteliselt v\u00e4ike maksumus on \u00fchendatud teenuste suure efektiivsusega. Lisaks sellele ei s\u00f5ltu raudteetransport ilmastikuoludest.<\/span><br \/><span><strong>Raudteekaubaveo teenuste hulka kuulub:<\/strong><\/span><br \/><span>\u2022 raudteevedude korraldamine Eesti, L\u00e4ti, Leedu, SR\u00dc ja Kesk-Aasia riikide territooriumil;<\/span><br \/><span>\u2022 kaubaveo maksumuse kalkulatsiooni esitamine;<\/span><\/p>\n<p>[\/et_pb_text][\/et_pb_column][\/et_pb_row][et_pb_row column_structure=&#8221;3_4,1_4&#8243; _builder_version=&#8221;4.23.1&#8243; _module_preset=&#8221;default&#8221; width=&#8221;84%&#8221; max_width=&#8221;95%&#8221; custom_margin=&#8221;-22px|auto||auto||&#8221; custom_padding=&#8221;4px|||||&#8221; global_colors_info=&#8221;{}&#8221;][et_pb_column type=&#8221;3_4&#8243; _builder_version=&#8221;4.23.1&#8243; _module_preset=&#8221;default&#8221; global_colors_info=&#8221;{}&#8221;][et_pb_text _builder_version=&#8221;4.24.0&#8243; _module_preset=&#8221;5647290e-17cf-4ac2-8b91-193f16fa9ef2&#8243; custom_margin=&#8221;5px|||||&#8221; custom_padding_tablet=&#8221;&#8221; custom_padding_phone=&#8221;|||7px|false|false&#8221; custom_padding_last_edited=&#8221;on|phone&#8221; global_colors_info=&#8221;{}&#8221;]<\/p>\n<p><span>\u2022 Meie ettev\u00f5te saab saata konteinerid ilma \u00fcmberlaadimiseta l\u00e4bi Riia v\u00f5i Tallinna otsekonteinerites raudteel.<\/span><\/p>\n<p><span>\u2022 k\u00f5igi vajalike veodokumentide ja kauba saatedokumentide vormistamine;<\/span><br \/><span>\u2022 peale- ja mahalaadimist\u00f6\u00f6de korraldamine raudteeterminalides ja sadamates;<\/span><br \/><span>\u2022 erivagunite (veoplatvormid, puisteveoste vagunid (punkrid) jms) rent;<\/span><span>\u2022 mittegabariitsete veoste saatmise planeerimine ja korraldamine;<\/span><br \/><span>\u2022 kauba toimetamine kliendi laost jaama ning ka kliendi UKSENI;<\/span><br \/><span>\u2022 veoste kindlustamine;<\/span><br \/><span>\u2022 konteinerite ja vagunite j\u00e4lgimine ja otsing teekonnal.<\/span><\/p>\n<p>[\/et_pb_text][\/et_pb_column][et_pb_column type=&#8221;1_4&#8243; _builder_version=&#8221;4.23.1&#8243; _module_preset=&#8221;default&#8221; position_origin_r=&#8221;top_right&#8221; vertical_offset=&#8221;0px&#8221; vertical_offset_tablet=&#8221;0px&#8221; vertical_offset_phone=&#8221;0px&#8221; vertical_offset_last_edited=&#8221;on|phone&#8221; horizontal_offset_tablet=&#8221;&#8221; horizontal_offset_phone=&#8221;0px&#8221; horizontal_offset_last_edited=&#8221;on|phone&#8221; position_origin_a_tablet=&#8221;&#8221; position_origin_a_phone=&#8221;&#8221; position_origin_a_last_edited=&#8221;on|phone&#8221; position_origin_f_tablet=&#8221;&#8221; position_origin_f_phone=&#8221;&#8221; position_origin_f_last_edited=&#8221;on|phone&#8221; position_origin_r_tablet=&#8221;top_right&#8221; position_origin_r_phone=&#8221;top_right&#8221; position_origin_r_last_edited=&#8221;on|phone&#8221; positioning_tablet=&#8221;&#8221; positioning_phone=&#8221;relative&#8221; positioning_last_edited=&#8221;on|phone&#8221; global_colors_info=&#8221;{}&#8221;][et_pb_image src=&#8221;https:\/\/utrans.ee\/wp-content\/uploads\/2023\/12\/UTrans-railway-depot.jpeg&#8221; title_text=&#8221;UTrans raudtee depoo&#8221; align_tablet=&#8221;&#8221; align_phone=&#8221;center&#8221; align_last_edited=&#8221;on|phone&#8221; _builder_version=&#8221;4.23.1&#8243; _module_preset=&#8221;default&#8221; width_tablet=&#8221;&#8221; width_phone=&#8221;95%&#8221; width_last_edited=&#8221;on|phone&#8221; max_width_tablet=&#8221;&#8221; max_width_phone=&#8221;95%&#8221; max_width_last_edited=&#8221;on|phone&#8221; custom_margin=&#8221;18px|5px||-84px||&#8221; module_alignment_tablet=&#8221;&#8221; module_alignment_phone=&#8221;center&#8221; module_alignment_last_edited=&#8221;on|phone&#8221; border_width_all=&#8221;2px&#8221; border_color_all=&#8221;#777777&#8243; global_colors_info=&#8221;{}&#8221;][\/et_pb_image][\/et_pb_column][\/et_pb_row][\/et_pb_section]<\/p>\n","protected":false},"excerpt":{"rendered":"<p>RaudteekaubaveodUTrans Logistics O\u00dc osutab raudteekaubaveo teenuseid ja sel on OTSELEPING EESTI RAUDTEEGA, mis v\u00f5imaldab pakkuda klientidele soodustariifi. Raudteekaubavedu kujutab endast soodsat varianti mitmesuguste veoste transportimiseks pikkade vahemaade taha, raskesti ligip\u00e4\u00e4setavatesse piirkondadesse, kus autoveod on praktiliselt v\u00e4listatud. Lisaks kindlusele ja v\u00e4ikseimale avariilisusele on raudteekaubavedu k\u00f5ige rentaablim kauba transportimise viis, mille puhul suhteliselt v\u00e4ike maksumus on \u00fchendatud [&hellip;]<\/p>\n","protected":false},"author":1,"featured_media":0,"parent":0,"menu_order":0,"comment_status":"closed","ping_status":"closed","template":"","meta":{"_et_pb_use_builder":"on","_et_pb_old_content":"","_et_gb_content_width":"","footnotes":""},"class_list":["post-1550","page","type-page","status-publish","hentry"],"yoast_head":"<!-- This site is optimized with the Yoast SEO plugin v23.5 - https:\/\/yoast.com\/wordpress\/plugins\/seo\/ -->\n<title>Raudteekaubaveod - Utrans Logistics<\/title>\n<meta name=\"robots\" content=\"index, follow, max-snippet:-1, max-image-preview:large, max-video-preview:-1\" \/>\n<link rel=\"canonical\" href=\"https:\/\/utrans.ee\/et\/raudteekaubaveod\/\" \/>\n<meta property=\"og:locale\" content=\"et_EE\" \/>\n<meta property=\"og:type\" content=\"article\" \/>\n<meta property=\"og:title\" content=\"Raudteekaubaveod - Utrans Logistics\" \/>\n<meta property=\"og:description\" content=\"RaudteekaubaveodUTrans Logistics O\u00dc osutab raudteekaubaveo teenuseid ja sel on OTSELEPING EESTI RAUDTEEGA, mis v\u00f5imaldab pakkuda klientidele soodustariifi. Raudteekaubavedu kujutab endast soodsat varianti mitmesuguste veoste transportimiseks pikkade vahemaade taha, raskesti ligip\u00e4\u00e4setavatesse piirkondadesse, kus autoveod on praktiliselt v\u00e4listatud. Lisaks kindlusele ja v\u00e4ikseimale avariilisusele on raudteekaubavedu k\u00f5ige rentaablim kauba transportimise viis, mille puhul suhteliselt v\u00e4ike maksumus on \u00fchendatud [&hellip;]\" \/>\n<meta property=\"og:url\" content=\"https:\/\/utrans.ee\/et\/raudteekaubaveod\/\" \/>\n<meta property=\"og:site_name\" content=\"Utrans Logistics\" \/>\n<meta property=\"article:modified_time\" content=\"2024-02-22T12:54:09+00:00\" \/>\n<meta name=\"twitter:card\" content=\"summary_large_image\" \/>\n<meta name=\"twitter:label1\" content=\"Est. reading time\" \/>\n\t<meta name=\"twitter:data1\" content=\"5 minutit\" \/>\n<script type=\"application\/ld+json\" class=\"yoast-schema-graph\">{\"@context\":\"https:\/\/schema.org\",\"@graph\":[{\"@type\":\"WebPage\",\"@id\":\"https:\/\/utrans.ee\/et\/raudteekaubaveod\/\",\"url\":\"https:\/\/utrans.ee\/et\/raudteekaubaveod\/\",\"name\":\"Raudteekaubaveod - Utrans Logistics\",\"isPartOf\":{\"@id\":\"https:\/\/utrans.ee\/et\/#website\"},\"datePublished\":\"2023-12-15T15:14:00+00:00\",\"dateModified\":\"2024-02-22T12:54:09+00:00\",\"breadcrumb\":{\"@id\":\"https:\/\/utrans.ee\/et\/raudteekaubaveod\/#breadcrumb\"},\"inLanguage\":\"et\",\"potentialAction\":[{\"@type\":\"ReadAction\",\"target\":[\"https:\/\/utrans.ee\/et\/raudteekaubaveod\/\"]}]},{\"@type\":\"BreadcrumbList\",\"@id\":\"https:\/\/utrans.ee\/et\/raudteekaubaveod\/#breadcrumb\",\"itemListElement\":[{\"@type\":\"ListItem\",\"position\":1,\"name\":\"Home\",\"item\":\"https:\/\/utrans.ee\/et\/\"},{\"@type\":\"ListItem\",\"position\":2,\"name\":\"Raudteekaubaveod\"}]},{\"@type\":\"WebSite\",\"@id\":\"https:\/\/utrans.ee\/et\/#website\",\"url\":\"https:\/\/utrans.ee\/et\/\",\"name\":\"Utrans.ee\",\"description\":\"Cargo logistics all over the world\",\"publisher\":{\"@id\":\"https:\/\/utrans.ee\/et\/#organization\"},\"potentialAction\":[{\"@type\":\"SearchAction\",\"target\":{\"@type\":\"EntryPoint\",\"urlTemplate\":\"https:\/\/utrans.ee\/et\/?s={search_term_string}\"},\"query-input\":{\"@type\":\"PropertyValueSpecification\",\"valueRequired\":true,\"valueName\":\"search_term_string\"}}],\"inLanguage\":\"et\"},{\"@type\":\"Organization\",\"@id\":\"https:\/\/utrans.ee\/et\/#organization\",\"name\":\"Utrans Logistics\",\"url\":\"https:\/\/utrans.ee\/et\/\",\"logo\":{\"@type\":\"ImageObject\",\"inLanguage\":\"et\",\"@id\":\"https:\/\/utrans.ee\/et\/#\/schema\/logo\/image\/\",\"url\":\"https:\/\/utrans.ee\/wp-content\/uploads\/2024\/01\/Utrans-new2.png\",\"contentUrl\":\"https:\/\/utrans.ee\/wp-content\/uploads\/2024\/01\/Utrans-new2.png\",\"width\":700,\"height\":236,\"caption\":\"Utrans Logistics\"},\"image\":{\"@id\":\"https:\/\/utrans.ee\/et\/#\/schema\/logo\/image\/\"},\"sameAs\":[\"https:\/\/www.linkedin.com\/in\/julia-durduk-3437a412a?originalSubdomain=ee\"]}]}<\/script>\n<!-- \/ Yoast SEO plugin. -->","yoast_head_json":{"title":"Raudteekaubaveod - Utrans Logistics","robots":{"index":"index","follow":"follow","max-snippet":"max-snippet:-1","max-image-preview":"max-image-preview:large","max-video-preview":"max-video-preview:-1"},"canonical":"https:\/\/utrans.ee\/et\/raudteekaubaveod\/","og_locale":"et_EE","og_type":"article","og_title":"Raudteekaubaveod - Utrans Logistics","og_description":"RaudteekaubaveodUTrans Logistics O\u00dc osutab raudteekaubaveo teenuseid ja sel on OTSELEPING EESTI RAUDTEEGA, mis v\u00f5imaldab pakkuda klientidele soodustariifi. Raudteekaubavedu kujutab endast soodsat varianti mitmesuguste veoste transportimiseks pikkade vahemaade taha, raskesti ligip\u00e4\u00e4setavatesse piirkondadesse, kus autoveod on praktiliselt v\u00e4listatud. Lisaks kindlusele ja v\u00e4ikseimale avariilisusele on raudteekaubavedu k\u00f5ige rentaablim kauba transportimise viis, mille puhul suhteliselt v\u00e4ike maksumus on \u00fchendatud [&hellip;]","og_url":"https:\/\/utrans.ee\/et\/raudteekaubaveod\/","og_site_name":"Utrans Logistics","article_modified_time":"2024-02-22T12:54:09+00:00","twitter_card":"summary_large_image","twitter_misc":{"Est. reading time":"5 minutit"},"schema":{"@context":"https:\/\/schema.org","@graph":[{"@type":"WebPage","@id":"https:\/\/utrans.ee\/et\/raudteekaubaveod\/","url":"https:\/\/utrans.ee\/et\/raudteekaubaveod\/","name":"Raudteekaubaveod - Utrans Logistics","isPartOf":{"@id":"https:\/\/utrans.ee\/et\/#website"},"datePublished":"2023-12-15T15:14:00+00:00","dateModified":"2024-02-22T12:54:09+00:00","breadcrumb":{"@id":"https:\/\/utrans.ee\/et\/raudteekaubaveod\/#breadcrumb"},"inLanguage":"et","potentialAction":[{"@type":"ReadAction","target":["https:\/\/utrans.ee\/et\/raudteekaubaveod\/"]}]},{"@type":"BreadcrumbList","@id":"https:\/\/utrans.ee\/et\/raudteekaubaveod\/#breadcrumb","itemListElement":[{"@type":"ListItem","position":1,"name":"Home","item":"https:\/\/utrans.ee\/et\/"},{"@type":"ListItem","position":2,"name":"Raudteekaubaveod"}]},{"@type":"WebSite","@id":"https:\/\/utrans.ee\/et\/#website","url":"https:\/\/utrans.ee\/et\/","name":"Utrans.ee","description":"Cargo logistics all over the world","publisher":{"@id":"https:\/\/utrans.ee\/et\/#organization"},"potentialAction":[{"@type":"SearchAction","target":{"@type":"EntryPoint","urlTemplate":"https:\/\/utrans.ee\/et\/?s={search_term_string}"},"query-input":{"@type":"PropertyValueSpecification","valueRequired":true,"valueName":"search_term_string"}}],"inLanguage":"et"},{"@type":"Organization","@id":"https:\/\/utrans.ee\/et\/#organization","name":"Utrans Logistics","url":"https:\/\/utrans.ee\/et\/","logo":{"@type":"ImageObject","inLanguage":"et","@id":"https:\/\/utrans.ee\/et\/#\/schema\/logo\/image\/","url":"https:\/\/utrans.ee\/wp-content\/uploads\/2024\/01\/Utrans-new2.png","contentUrl":"https:\/\/utrans.ee\/wp-content\/uploads\/2024\/01\/Utrans-new2.png","width":700,"height":236,"caption":"Utrans Logistics"},"image":{"@id":"https:\/\/utrans.ee\/et\/#\/schema\/logo\/image\/"},"sameAs":["https:\/\/www.linkedin.com\/in\/julia-durduk-3437a412a?originalSubdomain=ee"]}]}},"_links":{"self":[{"href":"https:\/\/utrans.ee\/et\/wp-json\/wp\/v2\/pages\/1550","targetHints":{"allow":["GET"]}}],"collection":[{"href":"https:\/\/utrans.ee\/et\/wp-json\/wp\/v2\/pages"}],"about":[{"href":"https:\/\/utrans.ee\/et\/wp-json\/wp\/v2\/types\/page"}],"author":[{"embeddable":true,"href":"https:\/\/utrans.ee\/et\/wp-json\/wp\/v2\/users\/1"}],"replies":[{"embeddable":true,"href":"https:\/\/utrans.ee\/et\/wp-json\/wp\/v2\/comments?post=1550"}],"version-history":[{"count":19,"href":"https:\/\/utrans.ee\/et\/wp-json\/wp\/v2\/pages\/1550\/revisions"}],"predecessor-version":[{"id":1712,"href":"https:\/\/utrans.ee\/et\/wp-json\/wp\/v2\/pages\/1550\/revisions\/1712"}],"wp:attachment":[{"href":"https:\/\/utrans.ee\/et\/wp-json\/wp\/v2\/media?parent=1550"}],"curies":[{"name":"wp","href":"https:\/\/api.w.org\/{rel}","templated":true}]}}