{"id":1539,"date":"2023-12-15T17:12:15","date_gmt":"2023-12-15T15:12:15","guid":{"rendered":"https:\/\/utrans.ee\/autoveod\/"},"modified":"2024-02-22T14:35:08","modified_gmt":"2024-02-22T12:35:08","slug":"autoveod","status":"publish","type":"page","link":"https:\/\/utrans.ee\/et\/autoveod\/","title":{"rendered":"Autoveod"},"content":{"rendered":"<p>[et_pb_section fb_built=&#8221;1&#8243; _builder_version=&#8221;4.24.0&#8243; _module_preset=&#8221;default&#8221; background_color=&#8221;RGBA(242,242,242,0.89)&#8221; custom_margin_tablet=&#8221;&#8221; custom_margin_phone=&#8221;-19px||||false|false&#8221; custom_margin_last_edited=&#8221;on|phone&#8221; custom_padding=&#8221;10px||1px|||&#8221; global_colors_info=&#8221;{}&#8221;][et_pb_row _builder_version=&#8221;4.23.1&#8243; _module_preset=&#8221;default&#8221; width=&#8221;84%&#8221; max_width=&#8221;100%&#8221; custom_padding=&#8221;42px|||||&#8221; border_width_bottom=&#8221;2px&#8221; border_style_bottom=&#8221;double&#8221; global_colors_info=&#8221;{}&#8221;][et_pb_column type=&#8221;4_4&#8243; _builder_version=&#8221;4.22.2&#8243; _module_preset=&#8221;default&#8221; global_colors_info=&#8221;{}&#8221;][et_pb_text _builder_version=&#8221;4.23.1&#8243; _module_preset=&#8221;default&#8221; header_2_font=&#8221;Oswald|700||on|||||&#8221; header_2_text_align=&#8221;left&#8221; header_2_text_color=&#8221;#333333&#8243; header_2_letter_spacing=&#8221;2px&#8221; header_2_line_height=&#8221;1.3em&#8221; header_3_font=&#8221;Arial||||||||&#8221; text_orientation=&#8221;center&#8221; width=&#8221;95%&#8221; max_width=&#8221;100%&#8221; module_alignment=&#8221;left&#8221; custom_margin=&#8221;||-15px|-17px|false|false&#8221; custom_padding=&#8221;||8px|0px|false|false&#8221; header_2_text_align_tablet=&#8221;left&#8221; header_2_text_align_phone=&#8221;center&#8221; header_2_text_align_last_edited=&#8221;on|phone&#8221; global_colors_info=&#8221;{}&#8221;]<\/p>\n<h2>Autoveod<\/h2>\n<p>[\/et_pb_text][\/et_pb_column][\/et_pb_row][\/et_pb_section][et_pb_section fb_built=&#8221;1&#8243; custom_padding_last_edited=&#8221;on|phone&#8221; _builder_version=&#8221;4.22.2&#8243; _module_preset=&#8221;default&#8221; background_color=&#8221;RGBA(242,242,242,0.89)&#8221; custom_padding=&#8221;6px||12px||false|false&#8221; custom_padding_tablet=&#8221;20px||||false|false&#8221; custom_padding_phone=&#8221;0px||||false|false&#8221; global_colors_info=&#8221;{}&#8221;][et_pb_row column_structure=&#8221;1_4,3_4&#8243; _builder_version=&#8221;4.23.1&#8243; _module_preset=&#8221;default&#8221; width=&#8221;84%&#8221; max_width=&#8221;95%&#8221; global_colors_info=&#8221;{}&#8221;][et_pb_column type=&#8221;1_4&#8243; _builder_version=&#8221;4.23.1&#8243; _module_preset=&#8221;default&#8221; global_colors_info=&#8221;{}&#8221;][et_pb_image src=&#8221;https:\/\/utrans.ee\/wp-content\/uploads\/2023\/12\/Utrans-cargo-300-248-3.jpg&#8221; title_text=&#8221;Utrans kargo 300-248-3&#8243; align_tablet=&#8221;&#8221; align_phone=&#8221;center&#8221; align_last_edited=&#8221;on|phone&#8221; _builder_version=&#8221;4.23.1&#8243; _module_preset=&#8221;default&#8221; border_width_all=&#8221;2px&#8221; border_color_all=&#8221;#777777&#8243; global_colors_info=&#8221;{}&#8221;][\/et_pb_image][\/et_pb_column][et_pb_column type=&#8221;3_4&#8243; _builder_version=&#8221;4.23.1&#8243; _module_preset=&#8221;default&#8221; global_colors_info=&#8221;{}&#8221;][et_pb_text _builder_version=&#8221;4.24.0&#8243; _module_preset=&#8221;default&#8221; text_font=&#8221;Arial||||||||&#8221; text_text_color=&#8221;#333333&#8243; text_font_size=&#8221;16px&#8221; custom_padding_tablet=&#8221;&#8221; custom_padding_phone=&#8221;|5px||17px|false|false&#8221; custom_padding_last_edited=&#8221;on|phone&#8221; hover_enabled=&#8221;0&#8243; global_colors_info=&#8221;{}&#8221; sticky_enabled=&#8221;0&#8243;]<\/p>\n<p><span><strong>UTrans Logistics O\u00dc<\/strong> osutab kauba autoveoteenuseid nii juriidilistele kui ka f\u00fc\u00fcsilistele isikutele:<\/span><\/p>\n<p><span>\u2022 Autokaubavedude korraldamine FTL ja LTL meetodil Euroopa riikides, SR\u00dcs, Kesk-Aasia vabariikides nagu Kasahstan, Usbekistan, K\u00f5rg\u00f5zstan ja Tad\u017eikistan<\/span><\/p>\n<p><span>\u2022 Saate- ja aruandedokumentide tervikkomplektiga varustamine.<\/span><\/p>\n<p><span>\u2022 Tollivormistus.<\/span><\/p>\n<p><span>\u2022 Autovedude kindlustus.<\/span><\/p>\n<p><span>Korraldame igat liiki ning iga suuruse ja mahuga veoste, sh ohtlike ja raskeveoste, mittegabariitsete, kiiresti riknevate ja \u00f5rnade veoste transporti. Pikaajaline kogemus rahvusvahelisel turul annab meile v\u00f5imaluse toimetada kaup vajalikku punkti optimaalset marsruuti kasutades, v\u00e4hima ajaga ja v\u00e4ikseimate kuludega. Teie soovidest l\u00e4htuvalt valivad meie spetsialistid optimaalsed autoveo-, kindlustus-, tollivormistus-, \u00fcmberlaadimis- ja hoiutingimused ning arvestavad v\u00e4lja esialgsed t\u00e4htajad, veo ja tollivormistuse maksumuse ning v\u00f5imalikud lisakulud. Vajaduse korral pakume alternatiivseid veovariante, mis v\u00f5imaldavad nii s\u00e4\u00e4sta raha kui ka suurendada osutatavate teenuste t\u00f5husust.<\/span><\/p>\n<p>[\/et_pb_text][\/et_pb_column][\/et_pb_row][\/et_pb_section]<\/p>\n","protected":false},"excerpt":{"rendered":"<p>AutoveodUTrans Logistics O\u00dc osutab kauba autoveoteenuseid nii juriidilistele kui ka f\u00fc\u00fcsilistele isikutele: \u2022 Autokaubavedude korraldamine FTL ja LTL meetodil Euroopa riikides, SR\u00dcs, Kesk-Aasia vabariikides nagu Kasahstan, Usbekistan, K\u00f5rg\u00f5zstan ja Tad\u017eikistan \u2022 Saate- ja aruandedokumentide tervikkomplektiga varustamine. \u2022 Tollivormistus. \u2022 Autovedude kindlustus. Korraldame igat liiki ning iga suuruse ja mahuga veoste, sh ohtlike ja raskeveoste, mittegabariitsete, [&hellip;]<\/p>\n","protected":false},"author":1,"featured_media":0,"parent":0,"menu_order":0,"comment_status":"closed","ping_status":"closed","template":"","meta":{"_et_pb_use_builder":"on","_et_pb_old_content":"","_et_gb_content_width":"","footnotes":""},"class_list":["post-1539","page","type-page","status-publish","hentry"],"yoast_head":"<!-- This site is optimized with the Yoast SEO plugin v23.5 - https:\/\/yoast.com\/wordpress\/plugins\/seo\/ -->\n<title>Autoveod - Utrans Logistics<\/title>\n<meta name=\"robots\" content=\"index, follow, max-snippet:-1, max-image-preview:large, max-video-preview:-1\" \/>\n<link rel=\"canonical\" href=\"https:\/\/utrans.ee\/et\/autoveod\/\" \/>\n<meta property=\"og:locale\" content=\"et_EE\" \/>\n<meta property=\"og:type\" content=\"article\" \/>\n<meta property=\"og:title\" content=\"Autoveod - Utrans Logistics\" \/>\n<meta property=\"og:description\" content=\"AutoveodUTrans Logistics O\u00dc osutab kauba autoveoteenuseid nii juriidilistele kui ka f\u00fc\u00fcsilistele isikutele: \u2022 Autokaubavedude korraldamine FTL ja LTL meetodil Euroopa riikides, SR\u00dcs, Kesk-Aasia vabariikides nagu Kasahstan, Usbekistan, K\u00f5rg\u00f5zstan ja Tad\u017eikistan \u2022 Saate- ja aruandedokumentide tervikkomplektiga varustamine. \u2022 Tollivormistus. \u2022 Autovedude kindlustus. Korraldame igat liiki ning iga suuruse ja mahuga veoste, sh ohtlike ja raskeveoste, mittegabariitsete, [&hellip;]\" \/>\n<meta property=\"og:url\" content=\"https:\/\/utrans.ee\/et\/autoveod\/\" \/>\n<meta property=\"og:site_name\" content=\"Utrans Logistics\" \/>\n<meta property=\"article:modified_time\" content=\"2024-02-22T12:35:08+00:00\" \/>\n<meta name=\"twitter:card\" content=\"summary_large_image\" \/>\n<meta name=\"twitter:label1\" content=\"Est. reading time\" \/>\n\t<meta name=\"twitter:data1\" content=\"2 minutit\" \/>\n<script type=\"application\/ld+json\" class=\"yoast-schema-graph\">{\"@context\":\"https:\/\/schema.org\",\"@graph\":[{\"@type\":\"WebPage\",\"@id\":\"https:\/\/utrans.ee\/et\/autoveod\/\",\"url\":\"https:\/\/utrans.ee\/et\/autoveod\/\",\"name\":\"Autoveod - Utrans Logistics\",\"isPartOf\":{\"@id\":\"https:\/\/utrans.ee\/et\/#website\"},\"datePublished\":\"2023-12-15T15:12:15+00:00\",\"dateModified\":\"2024-02-22T12:35:08+00:00\",\"breadcrumb\":{\"@id\":\"https:\/\/utrans.ee\/et\/autoveod\/#breadcrumb\"},\"inLanguage\":\"et\",\"potentialAction\":[{\"@type\":\"ReadAction\",\"target\":[\"https:\/\/utrans.ee\/et\/autoveod\/\"]}]},{\"@type\":\"BreadcrumbList\",\"@id\":\"https:\/\/utrans.ee\/et\/autoveod\/#breadcrumb\",\"itemListElement\":[{\"@type\":\"ListItem\",\"position\":1,\"name\":\"Home\",\"item\":\"https:\/\/utrans.ee\/et\/\"},{\"@type\":\"ListItem\",\"position\":2,\"name\":\"Autoveod\"}]},{\"@type\":\"WebSite\",\"@id\":\"https:\/\/utrans.ee\/et\/#website\",\"url\":\"https:\/\/utrans.ee\/et\/\",\"name\":\"Utrans.ee\",\"description\":\"Cargo logistics all over the world\",\"publisher\":{\"@id\":\"https:\/\/utrans.ee\/et\/#organization\"},\"potentialAction\":[{\"@type\":\"SearchAction\",\"target\":{\"@type\":\"EntryPoint\",\"urlTemplate\":\"https:\/\/utrans.ee\/et\/?s={search_term_string}\"},\"query-input\":{\"@type\":\"PropertyValueSpecification\",\"valueRequired\":true,\"valueName\":\"search_term_string\"}}],\"inLanguage\":\"et\"},{\"@type\":\"Organization\",\"@id\":\"https:\/\/utrans.ee\/et\/#organization\",\"name\":\"Utrans Logistics\",\"url\":\"https:\/\/utrans.ee\/et\/\",\"logo\":{\"@type\":\"ImageObject\",\"inLanguage\":\"et\",\"@id\":\"https:\/\/utrans.ee\/et\/#\/schema\/logo\/image\/\",\"url\":\"https:\/\/utrans.ee\/wp-content\/uploads\/2024\/01\/Utrans-new2.png\",\"contentUrl\":\"https:\/\/utrans.ee\/wp-content\/uploads\/2024\/01\/Utrans-new2.png\",\"width\":700,\"height\":236,\"caption\":\"Utrans Logistics\"},\"image\":{\"@id\":\"https:\/\/utrans.ee\/et\/#\/schema\/logo\/image\/\"},\"sameAs\":[\"https:\/\/www.linkedin.com\/in\/julia-durduk-3437a412a?originalSubdomain=ee\"]}]}<\/script>\n<!-- \/ Yoast SEO plugin. -->","yoast_head_json":{"title":"Autoveod - Utrans Logistics","robots":{"index":"index","follow":"follow","max-snippet":"max-snippet:-1","max-image-preview":"max-image-preview:large","max-video-preview":"max-video-preview:-1"},"canonical":"https:\/\/utrans.ee\/et\/autoveod\/","og_locale":"et_EE","og_type":"article","og_title":"Autoveod - Utrans Logistics","og_description":"AutoveodUTrans Logistics O\u00dc osutab kauba autoveoteenuseid nii juriidilistele kui ka f\u00fc\u00fcsilistele isikutele: \u2022 Autokaubavedude korraldamine FTL ja LTL meetodil Euroopa riikides, SR\u00dcs, Kesk-Aasia vabariikides nagu Kasahstan, Usbekistan, K\u00f5rg\u00f5zstan ja Tad\u017eikistan \u2022 Saate- ja aruandedokumentide tervikkomplektiga varustamine. \u2022 Tollivormistus. \u2022 Autovedude kindlustus. Korraldame igat liiki ning iga suuruse ja mahuga veoste, sh ohtlike ja raskeveoste, mittegabariitsete, [&hellip;]","og_url":"https:\/\/utrans.ee\/et\/autoveod\/","og_site_name":"Utrans Logistics","article_modified_time":"2024-02-22T12:35:08+00:00","twitter_card":"summary_large_image","twitter_misc":{"Est. reading time":"2 minutit"},"schema":{"@context":"https:\/\/schema.org","@graph":[{"@type":"WebPage","@id":"https:\/\/utrans.ee\/et\/autoveod\/","url":"https:\/\/utrans.ee\/et\/autoveod\/","name":"Autoveod - Utrans Logistics","isPartOf":{"@id":"https:\/\/utrans.ee\/et\/#website"},"datePublished":"2023-12-15T15:12:15+00:00","dateModified":"2024-02-22T12:35:08+00:00","breadcrumb":{"@id":"https:\/\/utrans.ee\/et\/autoveod\/#breadcrumb"},"inLanguage":"et","potentialAction":[{"@type":"ReadAction","target":["https:\/\/utrans.ee\/et\/autoveod\/"]}]},{"@type":"BreadcrumbList","@id":"https:\/\/utrans.ee\/et\/autoveod\/#breadcrumb","itemListElement":[{"@type":"ListItem","position":1,"name":"Home","item":"https:\/\/utrans.ee\/et\/"},{"@type":"ListItem","position":2,"name":"Autoveod"}]},{"@type":"WebSite","@id":"https:\/\/utrans.ee\/et\/#website","url":"https:\/\/utrans.ee\/et\/","name":"Utrans.ee","description":"Cargo logistics all over the world","publisher":{"@id":"https:\/\/utrans.ee\/et\/#organization"},"potentialAction":[{"@type":"SearchAction","target":{"@type":"EntryPoint","urlTemplate":"https:\/\/utrans.ee\/et\/?s={search_term_string}"},"query-input":{"@type":"PropertyValueSpecification","valueRequired":true,"valueName":"search_term_string"}}],"inLanguage":"et"},{"@type":"Organization","@id":"https:\/\/utrans.ee\/et\/#organization","name":"Utrans Logistics","url":"https:\/\/utrans.ee\/et\/","logo":{"@type":"ImageObject","inLanguage":"et","@id":"https:\/\/utrans.ee\/et\/#\/schema\/logo\/image\/","url":"https:\/\/utrans.ee\/wp-content\/uploads\/2024\/01\/Utrans-new2.png","contentUrl":"https:\/\/utrans.ee\/wp-content\/uploads\/2024\/01\/Utrans-new2.png","width":700,"height":236,"caption":"Utrans Logistics"},"image":{"@id":"https:\/\/utrans.ee\/et\/#\/schema\/logo\/image\/"},"sameAs":["https:\/\/www.linkedin.com\/in\/julia-durduk-3437a412a?originalSubdomain=ee"]}]}},"_links":{"self":[{"href":"https:\/\/utrans.ee\/et\/wp-json\/wp\/v2\/pages\/1539","targetHints":{"allow":["GET"]}}],"collection":[{"href":"https:\/\/utrans.ee\/et\/wp-json\/wp\/v2\/pages"}],"about":[{"href":"https:\/\/utrans.ee\/et\/wp-json\/wp\/v2\/types\/page"}],"author":[{"embeddable":true,"href":"https:\/\/utrans.ee\/et\/wp-json\/wp\/v2\/users\/1"}],"replies":[{"embeddable":true,"href":"https:\/\/utrans.ee\/et\/wp-json\/wp\/v2\/comments?post=1539"}],"version-history":[{"count":14,"href":"https:\/\/utrans.ee\/et\/wp-json\/wp\/v2\/pages\/1539\/revisions"}],"predecessor-version":[{"id":1697,"href":"https:\/\/utrans.ee\/et\/wp-json\/wp\/v2\/pages\/1539\/revisions\/1697"}],"wp:attachment":[{"href":"https:\/\/utrans.ee\/et\/wp-json\/wp\/v2\/media?parent=1539"}],"curies":[{"name":"wp","href":"https:\/\/api.w.org\/{rel}","templated":true}]}}