{"id":1529,"date":"2023-12-15T17:13:11","date_gmt":"2023-12-15T15:13:11","guid":{"rendered":"https:\/\/utrans.ee\/suuremootmeliste-projektiveoste-transport\/"},"modified":"2024-02-19T20:30:29","modified_gmt":"2024-02-19T18:30:29","slug":"suuremootmeliste-projektiveoste-transport","status":"publish","type":"page","link":"https:\/\/utrans.ee\/et\/suuremootmeliste-projektiveoste-transport\/","title":{"rendered":"Suurem\u00f5\u00f5tmeliste \/ projektiveoste transport"},"content":{"rendered":"<p>[et_pb_section fb_built=&#8221;1&#8243; _builder_version=&#8221;4.24.0&#8243; _module_preset=&#8221;default&#8221; background_color=&#8221;RGBA(242,242,242,0.89)&#8221; custom_margin_tablet=&#8221;&#8221; custom_margin_phone=&#8221;-19px||||false|false&#8221; custom_margin_last_edited=&#8221;on|phone&#8221; custom_padding=&#8221;10px||1px|||&#8221; global_colors_info=&#8221;{}&#8221;][et_pb_row _builder_version=&#8221;4.23.1&#8243; _module_preset=&#8221;default&#8221; width=&#8221;84%&#8221; max_width=&#8221;100%&#8221; custom_padding=&#8221;42px|||||&#8221; border_width_bottom=&#8221;2px&#8221; border_style_bottom=&#8221;double&#8221; global_colors_info=&#8221;{}&#8221;][et_pb_column type=&#8221;4_4&#8243; _builder_version=&#8221;4.22.2&#8243; _module_preset=&#8221;default&#8221; global_colors_info=&#8221;{}&#8221;][et_pb_text _builder_version=&#8221;4.23.1&#8243; _module_preset=&#8221;default&#8221; header_2_font=&#8221;Oswald|700||on|||||&#8221; header_2_text_align=&#8221;left&#8221; header_2_text_color=&#8221;#333333&#8243; header_2_letter_spacing=&#8221;2px&#8221; header_2_line_height=&#8221;1.3em&#8221; header_3_font=&#8221;Arial||||||||&#8221; text_orientation=&#8221;center&#8221; width=&#8221;95%&#8221; max_width=&#8221;100%&#8221; module_alignment=&#8221;left&#8221; custom_margin=&#8221;||-15px|-17px|false|false&#8221; custom_padding=&#8221;||8px|0px|false|false&#8221; global_colors_info=&#8221;{}&#8221;]<\/p>\n<h2>Suurem\u00f5\u00f5tmeliste \/ projektiveoste transport<\/h2>\n<p>[\/et_pb_text][\/et_pb_column][\/et_pb_row][\/et_pb_section][et_pb_section fb_built=&#8221;1&#8243; custom_padding_last_edited=&#8221;on|phone&#8221; _builder_version=&#8221;4.22.2&#8243; _module_preset=&#8221;default&#8221; background_color=&#8221;RGBA(242,242,242,0.89)&#8221; custom_padding=&#8221;6px||12px||false|false&#8221; custom_padding_tablet=&#8221;20px||||false|false&#8221; custom_padding_phone=&#8221;0px||||false|false&#8221; global_colors_info=&#8221;{}&#8221;][et_pb_row column_structure=&#8221;1_4,3_4&#8243; _builder_version=&#8221;4.24.0&#8243; _module_preset=&#8221;default&#8221; width=&#8221;84%&#8221; max_width=&#8221;95%&#8221; custom_padding=&#8221;||4px|||&#8221; hover_enabled=&#8221;0&#8243; collapsed=&#8221;off&#8221; global_colors_info=&#8221;{}&#8221; custom_padding_last_edited=&#8221;on|phone&#8221; module_alignment_last_edited=&#8221;on|phone&#8221; module_alignment_phone=&#8221;center&#8221; width_last_edited=&#8221;on|phone&#8221; max_width_last_edited=&#8221;on|phone&#8221; width_phone=&#8221;78%&#8221; custom_margin_last_edited=&#8221;on|phone&#8221; custom_margin_phone=&#8221;|0px||0px|false|true&#8221; custom_padding_phone=&#8221;|||7px|false|false&#8221; sticky_enabled=&#8221;0&#8243; custom_padding_tablet=&#8221;||4px|||&#8221; width_tablet=&#8221;84%&#8221; max_width_tablet=&#8221;95%&#8221; max_width_phone=&#8221;95%&#8221;][et_pb_column type=&#8221;1_4&#8243; _builder_version=&#8221;4.23.1&#8243; _module_preset=&#8221;default&#8221; global_colors_info=&#8221;{}&#8221;][et_pb_image src=&#8221;https:\/\/utrans.ee\/wp-content\/uploads\/2023\/12\/Utrans-cargo-300-248-2.jpg&#8221; alt=&#8221;UTrans raudtee teenused&#8221; title_text=&#8221;Utrans kargo&#8221; _builder_version=&#8221;4.24.0&#8243; _module_preset=&#8221;default&#8221; hover_enabled=&#8221;0&#8243; border_width_all=&#8221;2px&#8221; border_color_all=&#8221;#777777&#8243; global_colors_info=&#8221;{}&#8221; align_last_edited=&#8221;on|tablet&#8221; align_tablet=&#8221;center&#8221; sticky_enabled=&#8221;0&#8243; align_phone=&#8221;center&#8221;][\/et_pb_image][\/et_pb_column][et_pb_column type=&#8221;3_4&#8243; _builder_version=&#8221;4.23.1&#8243; _module_preset=&#8221;default&#8221; global_colors_info=&#8221;{}&#8221;][et_pb_text _builder_version=&#8221;4.23.1&#8243; _module_preset=&#8221;5647290e-17cf-4ac2-8b91-193f16fa9ef2&#8243; global_colors_info=&#8221;{}&#8221;]<\/p>\n<p><span><strong>UTrans Logistics O\u00dc<\/strong> on spetsialiseerunud suurem\u00f5\u00f5tmeliste ja projektiveoteenuste osutamisele. Enam kui 25-aastane kogemus multimodaalsete vedude alal v\u00f5imaldab pakkuda klientidele optimaalseid skeeme ja marsruute maailma mis tahes sadamate ja laia partnerite v\u00f5rgustiku kaudu \u00fcle kogu maailma.<\/span><\/p>\n<p><span><strong>Mittegabariitsed raskekaalulised kaubaveod on ette n\u00e4htud:<\/strong><\/span><br \/><span>\u2022 tee-ehitustehnika transpordiks;<\/span><br \/><span>\u2022 p\u00f5llumajandustehnika transpordiks;<\/span><br \/><span>\u2022 t\u00f6\u00f6stus- ja ehitusseadmete transpordiks;<\/span><br \/><span>\u2022 m\u00e4et\u00f6\u00f6stusseadmete jms transpordiks.<\/span><\/p>\n<p>[\/et_pb_text][\/et_pb_column][\/et_pb_row][et_pb_row _builder_version=&#8221;4.23.1&#8243; _module_preset=&#8221;default&#8221; width=&#8221;84%&#8221; max_width=&#8221;95%&#8221; custom_padding=&#8221;2px|||||&#8221; global_colors_info=&#8221;{}&#8221;][et_pb_column type=&#8221;4_4&#8243; _builder_version=&#8221;4.23.1&#8243; _module_preset=&#8221;default&#8221; global_colors_info=&#8221;{}&#8221;][et_pb_text _builder_version=&#8221;4.24.0&#8243; _module_preset=&#8221;5647290e-17cf-4ac2-8b91-193f16fa9ef2&#8243; hover_enabled=&#8221;0&#8243; global_colors_info=&#8221;{}&#8221; custom_padding_last_edited=&#8221;on|phone&#8221; custom_padding_phone=&#8221;|||18px|false|false&#8221; sticky_enabled=&#8221;0&#8243;]<\/p>\n<p><span>UTrans Logistics O\u00dc sooritab edukalt mittegabariitseid raskekaalulisi kaubavedusid juba 25 aastat Eesti sadamate kaudu.<\/span><\/p>\n<p><span>Suuremastaabiliste keerukate projektivedude juhtimine n\u00f5uab kogenud ja kvalifitseeritud personali, kelle t\u00f6\u00f6kohustuste hulka kuulub v\u00f5imalike raskuste tundma\u00f5ppimine ning kiire ja otsustav tegutsemine.<\/span><br \/><span>Meie l\u00e4henemisviis seisneb projektivedude etapiviisilises sooritamises ja projekti iga etapi vahetus kontrollimises.<\/span><br \/><span>Meie ettev\u00f5tte edu<\/span><br \/><span>projektivedude teenindamise valdkonnas p\u00f5hineb klientide n\u00f5udmiste ja vajaduste m\u00f5istmisel. Meie spetsialistid uurivad igak\u00fclgselt projekti n\u00f5udeid ning garanteerivad tellija kehtestatud t\u00e4htaegade, ohutuse ja muude juhiste t\u00e4pse j\u00e4rgimise.<\/span><\/p>\n<p><span>Meie eksperdid valivad sobivaima transpordiliigi ja t\u00f6\u00f6tavad v\u00e4lja marsruudi, v\u00f5ttes arvesse teie kauba k\u00f5iki ise\u00e4rasusi ja ja n\u00e4itajaid.<\/span><\/p>\n<p><span>\u2022 Ettev\u00f5te UTrans Logistics O\u00dc osutab mittegabariitsete ja projektiveoste transpordi teenuseid, sh:<\/span><br \/><span>\u2022 kliendi konsulteerimine tellitud transpordi osas;<\/span><br \/><span>\u2022 optimaalse marsruudi valik;<\/span><br \/><span>\u2022projektilogistika eelarve ja planeerimine;<\/span><br \/><span>\u2022 veo korraldamine eriautotranspordi, spetsiaalsete raudteeplatvormide ja\/v\u00f5i erivedudeks m\u00f5eldud laevade abil;<\/span><\/p>\n<p>[\/et_pb_text][\/et_pb_column][\/et_pb_row][et_pb_row column_structure=&#8221;3_4,1_4&#8243; _builder_version=&#8221;4.24.0&#8243; _module_preset=&#8221;default&#8221; width=&#8221;84%&#8221; max_width=&#8221;95%&#8221; custom_margin=&#8221;-22px|auto||auto||&#8221; custom_padding=&#8221;4px|||||&#8221; hover_enabled=&#8221;0&#8243; global_colors_info=&#8221;{}&#8221; module_alignment_last_edited=&#8221;on|phone&#8221; module_alignment_phone=&#8221;center&#8221; custom_padding_last_edited=&#8221;on|phone&#8221; custom_padding_phone=&#8221;4px|0px||7px|false|false&#8221; sticky_enabled=&#8221;0&#8243; custom_padding_tablet=&#8221;4px|||||&#8221;][et_pb_column type=&#8221;3_4&#8243; _builder_version=&#8221;4.23.1&#8243; _module_preset=&#8221;default&#8221; global_colors_info=&#8221;{}&#8221;][et_pb_text _builder_version=&#8221;4.24.0&#8243; _module_preset=&#8221;5647290e-17cf-4ac2-8b91-193f16fa9ef2&#8243; hover_enabled=&#8221;0&#8243; global_colors_info=&#8221;{}&#8221; custom_padding_last_edited=&#8221;on|phone&#8221; custom_padding_phone=&#8221;|||16px|false|false&#8221; sticky_enabled=&#8221;0&#8243;]<\/p>\n<p><span>Meie eksperdid valivad sobivaima transpordiliigi ja t\u00f6\u00f6tavad v\u00e4lja marsruudi, v\u00f5ttes arvesse teie kauba k\u00f5iki ise\u00e4rasusi ja ja n\u00e4itajaid.<\/span><\/p>\n<p><span>\u2022 peale- ja mahalaadimist\u00f6\u00f6de korraldamine sadamates ja raudteeterminalides;<\/span><br \/><span>koosk\u00f5lastamine, l\u00e4bis\u00f5idulubade vormistamine;<\/span><br \/><span>\u2022 ekspediitorteenused;<\/span><br \/><span>\u2022 vajalike raudteemarsruutide ja -projektide koostamine ja koosk\u00f5lastamine;<\/span><br \/><span>\u2022 laevade prahtimine merevedudeks;<\/span><br \/><span>\u2022 raskekaaluliste ja suurem\u00f5\u00f5tmeliste veoste \u00f5hut\u0161arter;<\/span><br \/><span>\u2022 konsolideerimine, pakendamine ja konteineriseerimine;<\/span><br \/><span>\u2022 veoste j\u00e4lgimine kliendi lattu saabumise hetkest kuni saaja ukseni;<\/span><br \/><span>\u2022 praamiveod;<\/span><br \/><span>\u2022 veoste kvaliteedi ja koguse vastuv\u00f5tt ja ekspertiis enne \u00e4rasaatmist mis tahes l\u00e4htesadamas;<\/span><br \/><span>\u2022 tolli- ja kauba saatedokumendid;<\/span><br \/><span>\u2022 veokindlustus.<\/span><\/p>\n<p>[\/et_pb_text][\/et_pb_column][et_pb_column type=&#8221;1_4&#8243; _builder_version=&#8221;4.23.1&#8243; _module_preset=&#8221;default&#8221; position_origin_r=&#8221;top_right&#8221; vertical_offset=&#8221;141px&#8221; vertical_offset_tablet=&#8221;0px&#8221; vertical_offset_phone=&#8221;0px&#8221; vertical_offset_last_edited=&#8221;on|tablet&#8221; horizontal_offset_tablet=&#8221;-76px&#8221; horizontal_offset_phone=&#8221;0px&#8221; horizontal_offset_last_edited=&#8221;on|tablet&#8221; global_colors_info=&#8221;{}&#8221;][et_pb_image src=&#8221;https:\/\/utrans.ee\/wp-content\/uploads\/2023\/12\/UTrans-railway-project-cargo.jpg&#8221; title_text=&#8221;UTrans projektiveoste transport&#8221; align_tablet=&#8221;&#8221; align_phone=&#8221;center&#8221; align_last_edited=&#8221;on|phone&#8221; _builder_version=&#8221;4.24.0&#8243; _module_preset=&#8221;default&#8221; custom_margin_tablet=&#8221;&#8221; custom_margin_phone=&#8221;|0px||0px|false|false&#8221; custom_margin_last_edited=&#8221;on|phone&#8221; custom_padding_tablet=&#8221;&#8221; custom_padding_phone=&#8221;|||0px|false|false&#8221; custom_padding_last_edited=&#8221;on|phone&#8221; hover_enabled=&#8221;0&#8243; module_alignment_tablet=&#8221;&#8221; module_alignment_phone=&#8221;center&#8221; module_alignment_last_edited=&#8221;on|phone&#8221; border_width_all=&#8221;2px&#8221; border_color_all=&#8221;#777777&#8243; global_colors_info=&#8221;{}&#8221; sticky_enabled=&#8221;0&#8243;][\/et_pb_image][\/et_pb_column][\/et_pb_row][\/et_pb_section]<\/p>\n","protected":false},"excerpt":{"rendered":"<p>Suurem\u00f5\u00f5tmeliste \/ projektiveoste transportUTrans Logistics O\u00dc on spetsialiseerunud suurem\u00f5\u00f5tmeliste ja projektiveoteenuste osutamisele. Enam kui 25-aastane kogemus multimodaalsete vedude alal v\u00f5imaldab pakkuda klientidele optimaalseid skeeme ja marsruute maailma mis tahes sadamate ja laia partnerite v\u00f5rgustiku kaudu \u00fcle kogu maailma. Mittegabariitsed raskekaalulised kaubaveod on ette n\u00e4htud:\u2022 tee-ehitustehnika transpordiks;\u2022 p\u00f5llumajandustehnika transpordiks;\u2022 t\u00f6\u00f6stus- ja ehitusseadmete transpordiks;\u2022 m\u00e4et\u00f6\u00f6stusseadmete jms transpordiks.UTrans [&hellip;]<\/p>\n","protected":false},"author":1,"featured_media":0,"parent":0,"menu_order":0,"comment_status":"closed","ping_status":"closed","template":"","meta":{"_et_pb_use_builder":"on","_et_pb_old_content":"","_et_gb_content_width":"","footnotes":""},"class_list":["post-1529","page","type-page","status-publish","hentry"],"yoast_head":"<!-- This site is optimized with the Yoast SEO plugin v23.5 - https:\/\/yoast.com\/wordpress\/plugins\/seo\/ -->\n<title>Suurem\u00f5\u00f5tmeliste \/ projektiveoste transport - Utrans Logistics<\/title>\n<meta name=\"robots\" content=\"index, follow, max-snippet:-1, max-image-preview:large, max-video-preview:-1\" \/>\n<link rel=\"canonical\" href=\"https:\/\/utrans.ee\/et\/suuremootmeliste-projektiveoste-transport\/\" \/>\n<meta property=\"og:locale\" content=\"et_EE\" \/>\n<meta property=\"og:type\" content=\"article\" \/>\n<meta property=\"og:title\" content=\"Suurem\u00f5\u00f5tmeliste \/ projektiveoste transport - Utrans Logistics\" \/>\n<meta property=\"og:description\" content=\"Suurem\u00f5\u00f5tmeliste \/ projektiveoste transportUTrans Logistics O\u00dc on spetsialiseerunud suurem\u00f5\u00f5tmeliste ja projektiveoteenuste osutamisele. Enam kui 25-aastane kogemus multimodaalsete vedude alal v\u00f5imaldab pakkuda klientidele optimaalseid skeeme ja marsruute maailma mis tahes sadamate ja laia partnerite v\u00f5rgustiku kaudu \u00fcle kogu maailma. Mittegabariitsed raskekaalulised kaubaveod on ette n\u00e4htud:\u2022 tee-ehitustehnika transpordiks;\u2022 p\u00f5llumajandustehnika transpordiks;\u2022 t\u00f6\u00f6stus- ja ehitusseadmete transpordiks;\u2022 m\u00e4et\u00f6\u00f6stusseadmete jms transpordiks.UTrans [&hellip;]\" \/>\n<meta property=\"og:url\" content=\"https:\/\/utrans.ee\/et\/suuremootmeliste-projektiveoste-transport\/\" \/>\n<meta property=\"og:site_name\" content=\"Utrans Logistics\" \/>\n<meta property=\"article:modified_time\" content=\"2024-02-19T18:30:29+00:00\" \/>\n<meta name=\"twitter:card\" content=\"summary_large_image\" \/>\n<meta name=\"twitter:label1\" content=\"Est. reading time\" \/>\n\t<meta name=\"twitter:data1\" content=\"5 minutit\" \/>\n<script type=\"application\/ld+json\" class=\"yoast-schema-graph\">{\"@context\":\"https:\/\/schema.org\",\"@graph\":[{\"@type\":\"WebPage\",\"@id\":\"https:\/\/utrans.ee\/et\/suuremootmeliste-projektiveoste-transport\/\",\"url\":\"https:\/\/utrans.ee\/et\/suuremootmeliste-projektiveoste-transport\/\",\"name\":\"Suurem\u00f5\u00f5tmeliste \/ projektiveoste transport - Utrans Logistics\",\"isPartOf\":{\"@id\":\"https:\/\/utrans.ee\/et\/#website\"},\"datePublished\":\"2023-12-15T15:13:11+00:00\",\"dateModified\":\"2024-02-19T18:30:29+00:00\",\"breadcrumb\":{\"@id\":\"https:\/\/utrans.ee\/et\/suuremootmeliste-projektiveoste-transport\/#breadcrumb\"},\"inLanguage\":\"et\",\"potentialAction\":[{\"@type\":\"ReadAction\",\"target\":[\"https:\/\/utrans.ee\/et\/suuremootmeliste-projektiveoste-transport\/\"]}]},{\"@type\":\"BreadcrumbList\",\"@id\":\"https:\/\/utrans.ee\/et\/suuremootmeliste-projektiveoste-transport\/#breadcrumb\",\"itemListElement\":[{\"@type\":\"ListItem\",\"position\":1,\"name\":\"Home\",\"item\":\"https:\/\/utrans.ee\/et\/\"},{\"@type\":\"ListItem\",\"position\":2,\"name\":\"Suurem\u00f5\u00f5tmeliste \/ projektiveoste transport\"}]},{\"@type\":\"WebSite\",\"@id\":\"https:\/\/utrans.ee\/et\/#website\",\"url\":\"https:\/\/utrans.ee\/et\/\",\"name\":\"Utrans.ee\",\"description\":\"Cargo logistics all over the world\",\"publisher\":{\"@id\":\"https:\/\/utrans.ee\/et\/#organization\"},\"potentialAction\":[{\"@type\":\"SearchAction\",\"target\":{\"@type\":\"EntryPoint\",\"urlTemplate\":\"https:\/\/utrans.ee\/et\/?s={search_term_string}\"},\"query-input\":{\"@type\":\"PropertyValueSpecification\",\"valueRequired\":true,\"valueName\":\"search_term_string\"}}],\"inLanguage\":\"et\"},{\"@type\":\"Organization\",\"@id\":\"https:\/\/utrans.ee\/et\/#organization\",\"name\":\"Utrans Logistics\",\"url\":\"https:\/\/utrans.ee\/et\/\",\"logo\":{\"@type\":\"ImageObject\",\"inLanguage\":\"et\",\"@id\":\"https:\/\/utrans.ee\/et\/#\/schema\/logo\/image\/\",\"url\":\"https:\/\/utrans.ee\/wp-content\/uploads\/2024\/01\/Utrans-new2.png\",\"contentUrl\":\"https:\/\/utrans.ee\/wp-content\/uploads\/2024\/01\/Utrans-new2.png\",\"width\":700,\"height\":236,\"caption\":\"Utrans Logistics\"},\"image\":{\"@id\":\"https:\/\/utrans.ee\/et\/#\/schema\/logo\/image\/\"},\"sameAs\":[\"https:\/\/www.linkedin.com\/in\/julia-durduk-3437a412a?originalSubdomain=ee\"]}]}<\/script>\n<!-- \/ Yoast SEO plugin. -->","yoast_head_json":{"title":"Suurem\u00f5\u00f5tmeliste \/ projektiveoste transport - Utrans Logistics","robots":{"index":"index","follow":"follow","max-snippet":"max-snippet:-1","max-image-preview":"max-image-preview:large","max-video-preview":"max-video-preview:-1"},"canonical":"https:\/\/utrans.ee\/et\/suuremootmeliste-projektiveoste-transport\/","og_locale":"et_EE","og_type":"article","og_title":"Suurem\u00f5\u00f5tmeliste \/ projektiveoste transport - Utrans Logistics","og_description":"Suurem\u00f5\u00f5tmeliste \/ projektiveoste transportUTrans Logistics O\u00dc on spetsialiseerunud suurem\u00f5\u00f5tmeliste ja projektiveoteenuste osutamisele. Enam kui 25-aastane kogemus multimodaalsete vedude alal v\u00f5imaldab pakkuda klientidele optimaalseid skeeme ja marsruute maailma mis tahes sadamate ja laia partnerite v\u00f5rgustiku kaudu \u00fcle kogu maailma. Mittegabariitsed raskekaalulised kaubaveod on ette n\u00e4htud:\u2022 tee-ehitustehnika transpordiks;\u2022 p\u00f5llumajandustehnika transpordiks;\u2022 t\u00f6\u00f6stus- ja ehitusseadmete transpordiks;\u2022 m\u00e4et\u00f6\u00f6stusseadmete jms transpordiks.UTrans [&hellip;]","og_url":"https:\/\/utrans.ee\/et\/suuremootmeliste-projektiveoste-transport\/","og_site_name":"Utrans Logistics","article_modified_time":"2024-02-19T18:30:29+00:00","twitter_card":"summary_large_image","twitter_misc":{"Est. reading time":"5 minutit"},"schema":{"@context":"https:\/\/schema.org","@graph":[{"@type":"WebPage","@id":"https:\/\/utrans.ee\/et\/suuremootmeliste-projektiveoste-transport\/","url":"https:\/\/utrans.ee\/et\/suuremootmeliste-projektiveoste-transport\/","name":"Suurem\u00f5\u00f5tmeliste \/ projektiveoste transport - Utrans Logistics","isPartOf":{"@id":"https:\/\/utrans.ee\/et\/#website"},"datePublished":"2023-12-15T15:13:11+00:00","dateModified":"2024-02-19T18:30:29+00:00","breadcrumb":{"@id":"https:\/\/utrans.ee\/et\/suuremootmeliste-projektiveoste-transport\/#breadcrumb"},"inLanguage":"et","potentialAction":[{"@type":"ReadAction","target":["https:\/\/utrans.ee\/et\/suuremootmeliste-projektiveoste-transport\/"]}]},{"@type":"BreadcrumbList","@id":"https:\/\/utrans.ee\/et\/suuremootmeliste-projektiveoste-transport\/#breadcrumb","itemListElement":[{"@type":"ListItem","position":1,"name":"Home","item":"https:\/\/utrans.ee\/et\/"},{"@type":"ListItem","position":2,"name":"Suurem\u00f5\u00f5tmeliste \/ projektiveoste transport"}]},{"@type":"WebSite","@id":"https:\/\/utrans.ee\/et\/#website","url":"https:\/\/utrans.ee\/et\/","name":"Utrans.ee","description":"Cargo logistics all over the world","publisher":{"@id":"https:\/\/utrans.ee\/et\/#organization"},"potentialAction":[{"@type":"SearchAction","target":{"@type":"EntryPoint","urlTemplate":"https:\/\/utrans.ee\/et\/?s={search_term_string}"},"query-input":{"@type":"PropertyValueSpecification","valueRequired":true,"valueName":"search_term_string"}}],"inLanguage":"et"},{"@type":"Organization","@id":"https:\/\/utrans.ee\/et\/#organization","name":"Utrans Logistics","url":"https:\/\/utrans.ee\/et\/","logo":{"@type":"ImageObject","inLanguage":"et","@id":"https:\/\/utrans.ee\/et\/#\/schema\/logo\/image\/","url":"https:\/\/utrans.ee\/wp-content\/uploads\/2024\/01\/Utrans-new2.png","contentUrl":"https:\/\/utrans.ee\/wp-content\/uploads\/2024\/01\/Utrans-new2.png","width":700,"height":236,"caption":"Utrans Logistics"},"image":{"@id":"https:\/\/utrans.ee\/et\/#\/schema\/logo\/image\/"},"sameAs":["https:\/\/www.linkedin.com\/in\/julia-durduk-3437a412a?originalSubdomain=ee"]}]}},"_links":{"self":[{"href":"https:\/\/utrans.ee\/et\/wp-json\/wp\/v2\/pages\/1529","targetHints":{"allow":["GET"]}}],"collection":[{"href":"https:\/\/utrans.ee\/et\/wp-json\/wp\/v2\/pages"}],"about":[{"href":"https:\/\/utrans.ee\/et\/wp-json\/wp\/v2\/types\/page"}],"author":[{"embeddable":true,"href":"https:\/\/utrans.ee\/et\/wp-json\/wp\/v2\/users\/1"}],"replies":[{"embeddable":true,"href":"https:\/\/utrans.ee\/et\/wp-json\/wp\/v2\/comments?post=1529"}],"version-history":[{"count":7,"href":"https:\/\/utrans.ee\/et\/wp-json\/wp\/v2\/pages\/1529\/revisions"}],"predecessor-version":[{"id":1536,"href":"https:\/\/utrans.ee\/et\/wp-json\/wp\/v2\/pages\/1529\/revisions\/1536"}],"wp:attachment":[{"href":"https:\/\/utrans.ee\/et\/wp-json\/wp\/v2\/media?parent=1529"}],"curies":[{"name":"wp","href":"https:\/\/api.w.org\/{rel}","templated":true}]}}