{"id":1465,"date":"2023-12-06T11:58:49","date_gmt":"2023-12-06T09:58:49","guid":{"rendered":"https:\/\/utrans.ee\/teenused\/"},"modified":"2024-02-20T22:08:30","modified_gmt":"2024-02-20T20:08:30","slug":"teenused","status":"publish","type":"page","link":"https:\/\/utrans.ee\/et\/teenused\/","title":{"rendered":"Teenused"},"content":{"rendered":"<p>[et_pb_section fb_built=&#8221;1&#8243; custom_padding_last_edited=&#8221;on|phone&#8221; _builder_version=&#8221;4.23.1&#8243; _module_preset=&#8221;default&#8221; background_color=&#8221;RGBA(242,242,242,0.89)&#8221; vertical_offset=&#8221;0px&#8221; vertical_offset_tablet=&#8221;-36px&#8221; vertical_offset_phone=&#8221;0px&#8221; vertical_offset_last_edited=&#8221;on|desktop&#8221; position_origin_a_tablet=&#8221;&#8221; position_origin_a_phone=&#8221;&#8221; position_origin_a_last_edited=&#8221;on|desktop&#8221; position_origin_f_tablet=&#8221;&#8221; position_origin_f_phone=&#8221;&#8221; position_origin_f_last_edited=&#8221;on|desktop&#8221; position_origin_r_tablet=&#8221;&#8221; position_origin_r_phone=&#8221;&#8221; position_origin_r_last_edited=&#8221;on|desktop&#8221; custom_margin_tablet=&#8221;&#8221; custom_margin_phone=&#8221;-19px||0px||false|false&#8221; custom_margin_last_edited=&#8221;on|phone&#8221; custom_padding=&#8221;20px||12px||false|false&#8221; custom_padding_tablet=&#8221;20px||||false|false&#8221; custom_padding_phone=&#8221;10px||||false|false&#8221; positioning_tablet=&#8221;&#8221; positioning_phone=&#8221;&#8221; positioning_last_edited=&#8221;on|phone&#8221; global_colors_info=&#8221;{}&#8221;][et_pb_row _builder_version=&#8221;4.23.1&#8243; _module_preset=&#8221;default&#8221; width=&#8221;90%&#8221; max_width=&#8221;100%&#8221; custom_margin_tablet=&#8221;23px||||false|false&#8221; custom_margin_phone=&#8221;12px||-5px||false|false&#8221; custom_margin_last_edited=&#8221;on|phone&#8221; custom_padding=&#8221;19px||10px|||&#8221; border_width_bottom=&#8221;2px&#8221; border_style_bottom=&#8221;double&#8221; global_colors_info=&#8221;{}&#8221;][et_pb_column type=&#8221;4_4&#8243; _builder_version=&#8221;4.22.2&#8243; _module_preset=&#8221;default&#8221; global_colors_info=&#8221;{}&#8221;][et_pb_text _builder_version=&#8221;4.23.1&#8243; _module_preset=&#8221;default&#8221; header_text_align=&#8221;left&#8221; header_2_font=&#8221;Oswald|700||on|||||&#8221; header_2_text_align=&#8221;left&#8221; header_2_text_color=&#8221;#333333&#8243; header_2_letter_spacing=&#8221;2px&#8221; header_2_line_height=&#8221;1.3em&#8221; header_3_font=&#8221;Arial||||||||&#8221; text_orientation=&#8221;center&#8221; header_2_text_align_tablet=&#8221;center&#8221; header_2_text_align_phone=&#8221;center&#8221; header_2_text_align_last_edited=&#8221;on|phone&#8221; global_colors_info=&#8221;{}&#8221;]<\/p>\n<h2>Teenused<\/h2>\n<p>[\/et_pb_text][\/et_pb_column][\/et_pb_row][et_pb_row column_structure=&#8221;1_5,1_5,1_5,1_5,1_5&#8243; custom_padding_last_edited=&#8221;on|desktop&#8221; _builder_version=&#8221;4.23.1&#8243; _module_preset=&#8221;default&#8221; width=&#8221;90%&#8221; max_width=&#8221;100%&#8221; custom_margin=&#8221;15px||||false|false&#8221; custom_margin_tablet=&#8221;15px||||false|false&#8221; custom_margin_phone=&#8221;15px||||false|false&#8221; custom_margin_last_edited=&#8221;on|desktop&#8221; custom_padding=&#8221;12px||||false|false&#8221; custom_padding_tablet=&#8221;||||false|false&#8221; custom_padding_phone=&#8221;||||false|false&#8221; global_colors_info=&#8221;{}&#8221;][et_pb_column type=&#8221;1_5&#8243; _builder_version=&#8221;4.22.2&#8243; _module_preset=&#8221;default&#8221; global_colors_info=&#8221;{}&#8221;][et_pb_blurb title=&#8221;\u041cereveod&#8221; url=&#8221;https:\/\/utrans.ee\/et\/merekaubaveod&#8221; image=&#8221;https:\/\/utrans.ee\/wp-content\/uploads\/2023\/12\/Utrans-cargo-300-248-4.jpg&#8221; content_max_width_phone=&#8221;85%&#8221; _builder_version=&#8221;4.24.0&#8243; _module_preset=&#8221;b6b5397a-db0a-4008-ade5-d45292d8bca1&#8243; header_font_size=&#8221;24px&#8221; width_tablet=&#8221;&#8221; width_phone=&#8221;95%&#8221; width_last_edited=&#8221;on|phone&#8221; link_option_url=&#8221;https:\/\/utrans.ee\/et\/merekaubaveod\/&#8221; border_width_all_image=&#8221;2px&#8221; border_color_all_image=&#8221;#777777&#8243; global_colors_info=&#8221;{}&#8221;]<\/p>\n<div class=\"page-header\">\n<p><strong style=\"font-size: 16px;\"><\/strong><\/p>\n<p><strong style=\"font-size: 16px;\">Ettev\u00f5te UTrans Logistics O\u00dc <\/strong><span style=\"font-size: 16px;\">osutab mereveoteenuseid ja meil on otselepingud k\u00f5igi esindatud suurte Eesti laevafirmade ja sadamatega&#8230;.<\/span><\/p>\n<\/div>\n<p>[\/et_pb_blurb][\/et_pb_column][et_pb_column type=&#8221;1_5&#8243; _builder_version=&#8221;4.22.2&#8243; _module_preset=&#8221;default&#8221; global_colors_info=&#8221;{}&#8221;][et_pb_blurb title=&#8221;Autoveod&#8221; url=&#8221;https:\/\/utrans.ee\/et\/autoveod\/&#8221; image=&#8221;https:\/\/utrans.ee\/wp-content\/uploads\/2023\/12\/Utrans-cargo-300-248-3.jpg&#8221; content_max_width_phone=&#8221;85%&#8221; _builder_version=&#8221;4.24.0&#8243; _module_preset=&#8221;b6b5397a-db0a-4008-ade5-d45292d8bca1&#8243; header_font_size=&#8221;24px&#8221; width_tablet=&#8221;&#8221; width_phone=&#8221;95%&#8221; width_last_edited=&#8221;on|phone&#8221; link_option_url=&#8221;https:\/\/utrans.ee\/et\/autoveod\/&#8221; border_width_all_image=&#8221;2px&#8221; border_color_all_image=&#8221;#777777&#8243; global_colors_info=&#8221;{}&#8221;]<\/p>\n<p><strong><\/strong><\/p>\n<p><strong>Ettev\u00f5te UTrans Logistics O\u00dc <\/strong><span>osutab kauba autoveoteenuseid nii juriidilistele kui ka f\u00fc\u00fcsilistele isikutele: \u2022Autovedude korraldamine Euroopas, SR\u00dcs,&#8230;&#8230;<\/span><\/p>\n<p>[\/et_pb_blurb][\/et_pb_column][et_pb_column type=&#8221;1_5&#8243; _builder_version=&#8221;4.22.2&#8243; _module_preset=&#8221;default&#8221; global_colors_info=&#8221;{}&#8221;][et_pb_blurb title=&#8221;Suurem\u00f5\u00f5tmeliste \/ Projektiveoste transport&#8221; url=&#8221;https:\/\/utrans.ee\/et\/suuremootmeliste-projektiveoste-transport\/&#8221; image=&#8221;https:\/\/utrans.ee\/wp-content\/uploads\/2023\/12\/Utrans-cargo-300-248-2.jpg&#8221; _builder_version=&#8221;4.24.0&#8243; _module_preset=&#8221;b6b5397a-db0a-4008-ade5-d45292d8bca1&#8243; header_font_size=&#8221;24px&#8221; link_option_url=&#8221;https:\/\/utrans.ee\/projectcargo\/https:\/\/utrans.ee\/et\/suuremootmeliste-projektiveoste-transport\/&#8221; header_font_size_tablet=&#8221;24px&#8221; header_font_size_phone=&#8221;24px&#8221; header_font_size_last_edited=&#8221;on|phone&#8221; global_colors_info=&#8221;{}&#8221;]<\/p>\n<p><strong>UTrans Logistics O\u00dc <\/strong><span>on spetsialiseerunud suurem\u00f5\u00f5tmeliste ja projektiveoteenuste osutamisele. Enam kui 25-aastane kogemus multimodaalsete&#8230; &#8230;<\/span><\/p>\n<p>[\/et_pb_blurb][\/et_pb_column][et_pb_column type=&#8221;1_5&#8243; _builder_version=&#8221;4.22.2&#8243; _module_preset=&#8221;default&#8221; global_colors_info=&#8221;{}&#8221;][et_pb_blurb title=&#8221;Raudteekaubaveod&#8221; url=&#8221;https:\/\/utrans.ee\/et\/raudteekaubaveod\/&#8221; image=&#8221;https:\/\/utrans.ee\/wp-content\/uploads\/2024\/02\/UTrans-rail2.jpg&#8221; content_max_width_phone=&#8221;85%&#8221; _builder_version=&#8221;4.24.0&#8243; _module_preset=&#8221;b6b5397a-db0a-4008-ade5-d45292d8bca1&#8243; header_font_size=&#8221;24px&#8221; width_tablet=&#8221;&#8221; width_phone=&#8221;95%&#8221; width_last_edited=&#8221;on|phone&#8221; link_option_url=&#8221;https:\/\/utrans.ee\/et\/raudteekaubaveod\/&#8221; border_width_all_image=&#8221;2px&#8221; border_color_all_image=&#8221;#777777&#8243; global_colors_info=&#8221;{}&#8221;]<\/p>\n<p><strong><\/strong><\/p>\n<p><strong>UTrans Logistics O\u00dc<\/strong><span> osutab raudteekaubaveo teenuseid ja sel on OTSELEPING EESTI RAUDTEEGA, mis v\u00f5imaldab pakkuda klientidele&#8230;..<\/span><\/p>\n<p>[\/et_pb_blurb][\/et_pb_column][et_pb_column type=&#8221;1_5&#8243; _builder_version=&#8221;4.22.2&#8243; _module_preset=&#8221;default&#8221; global_colors_info=&#8221;{}&#8221;][et_pb_blurb title=&#8221;\u00d5huveod&#8221; url=&#8221;https:\/\/utrans.ee\/et\/ohuveod\/&#8221; image=&#8221;https:\/\/utrans.ee\/wp-content\/uploads\/2023\/12\/Utrans-cargo-300-248-6.jpg&#8221; content_max_width_phone=&#8221;95%&#8221; _builder_version=&#8221;4.24.0&#8243; _module_preset=&#8221;b6b5397a-db0a-4008-ade5-d45292d8bca1&#8243; header_font_size=&#8221;24px&#8221; width_tablet=&#8221;&#8221; width_phone=&#8221;88%&#8221; width_last_edited=&#8221;on|phone&#8221; link_option_url=&#8221;https:\/\/utrans.ee\/et\/ohuveod\/&#8221; module_alignment_tablet=&#8221;&#8221; module_alignment_phone=&#8221;center&#8221; module_alignment_last_edited=&#8221;on|phone&#8221; border_width_all_image=&#8221;2px&#8221; border_color_all_image=&#8221;#777777&#8243; global_colors_info=&#8221;{}&#8221;]<\/p>\n<p><strong><\/strong><\/p>\n<p><strong>Ettev\u00f5te UTrans Logistics O\u00dc<\/strong><span> osutab kaupade autoveoteenuseid. Autovedu on t\u00e4nasel p\u00e4eval kiireim kaupade k\u00e4ttetoimetamise viis, see on ideaalne&#8230;<\/span><\/p>\n<p>[\/et_pb_blurb][\/et_pb_column][\/et_pb_row][\/et_pb_section]<\/p>\n","protected":false},"excerpt":{"rendered":"<p>Teenused Ettev\u00f5te UTrans Logistics O\u00dc osutab mereveoteenuseid ja meil on otselepingud k\u00f5igi esindatud suurte Eesti laevafirmade ja sadamatega&#8230;. Ettev\u00f5te UTrans Logistics O\u00dc osutab kauba autoveoteenuseid nii juriidilistele kui ka f\u00fc\u00fcsilistele isikutele: \u2022Autovedude korraldamine Euroopas, SR\u00dcs,&#8230;&#8230;UTrans Logistics O\u00dc on spetsialiseerunud suurem\u00f5\u00f5tmeliste ja projektiveoteenuste osutamisele. Enam kui 25-aastane kogemus multimodaalsete&#8230; &#8230; UTrans Logistics O\u00dc osutab raudteekaubaveo teenuseid [&hellip;]<\/p>\n","protected":false},"author":1,"featured_media":0,"parent":0,"menu_order":0,"comment_status":"closed","ping_status":"closed","template":"","meta":{"_et_pb_use_builder":"on","_et_pb_old_content":"","_et_gb_content_width":"","footnotes":""},"class_list":["post-1465","page","type-page","status-publish","hentry"],"yoast_head":"<!-- This site is optimized with the Yoast SEO plugin v23.5 - https:\/\/yoast.com\/wordpress\/plugins\/seo\/ -->\n<title>Teenused - Utrans Logistics<\/title>\n<meta name=\"robots\" content=\"index, follow, max-snippet:-1, max-image-preview:large, max-video-preview:-1\" \/>\n<link rel=\"canonical\" href=\"https:\/\/utrans.ee\/et\/teenused\/\" \/>\n<meta property=\"og:locale\" content=\"et_EE\" \/>\n<meta property=\"og:type\" content=\"article\" \/>\n<meta property=\"og:title\" content=\"Teenused - Utrans Logistics\" \/>\n<meta property=\"og:description\" content=\"Teenused Ettev\u00f5te UTrans Logistics O\u00dc osutab mereveoteenuseid ja meil on otselepingud k\u00f5igi esindatud suurte Eesti laevafirmade ja sadamatega.... Ettev\u00f5te UTrans Logistics O\u00dc osutab kauba autoveoteenuseid nii juriidilistele kui ka f\u00fc\u00fcsilistele isikutele: \u2022Autovedude korraldamine Euroopas, SR\u00dcs,......UTrans Logistics O\u00dc on spetsialiseerunud suurem\u00f5\u00f5tmeliste ja projektiveoteenuste osutamisele. Enam kui 25-aastane kogemus multimodaalsete... ... UTrans Logistics O\u00dc osutab raudteekaubaveo teenuseid [&hellip;]\" \/>\n<meta property=\"og:url\" content=\"https:\/\/utrans.ee\/et\/teenused\/\" \/>\n<meta property=\"og:site_name\" content=\"Utrans Logistics\" \/>\n<meta property=\"article:modified_time\" content=\"2024-02-20T20:08:30+00:00\" \/>\n<meta name=\"twitter:card\" content=\"summary_large_image\" \/>\n<meta name=\"twitter:label1\" content=\"Est. reading time\" \/>\n\t<meta name=\"twitter:data1\" content=\"4 minutit\" \/>\n<script type=\"application\/ld+json\" class=\"yoast-schema-graph\">{\"@context\":\"https:\/\/schema.org\",\"@graph\":[{\"@type\":\"WebPage\",\"@id\":\"https:\/\/utrans.ee\/et\/teenused\/\",\"url\":\"https:\/\/utrans.ee\/et\/teenused\/\",\"name\":\"Teenused - Utrans Logistics\",\"isPartOf\":{\"@id\":\"https:\/\/utrans.ee\/et\/#website\"},\"datePublished\":\"2023-12-06T09:58:49+00:00\",\"dateModified\":\"2024-02-20T20:08:30+00:00\",\"breadcrumb\":{\"@id\":\"https:\/\/utrans.ee\/et\/teenused\/#breadcrumb\"},\"inLanguage\":\"et\",\"potentialAction\":[{\"@type\":\"ReadAction\",\"target\":[\"https:\/\/utrans.ee\/et\/teenused\/\"]}]},{\"@type\":\"BreadcrumbList\",\"@id\":\"https:\/\/utrans.ee\/et\/teenused\/#breadcrumb\",\"itemListElement\":[{\"@type\":\"ListItem\",\"position\":1,\"name\":\"Home\",\"item\":\"https:\/\/utrans.ee\/et\/\"},{\"@type\":\"ListItem\",\"position\":2,\"name\":\"Teenused\"}]},{\"@type\":\"WebSite\",\"@id\":\"https:\/\/utrans.ee\/et\/#website\",\"url\":\"https:\/\/utrans.ee\/et\/\",\"name\":\"Utrans.ee\",\"description\":\"Cargo logistics all over the world\",\"publisher\":{\"@id\":\"https:\/\/utrans.ee\/et\/#organization\"},\"potentialAction\":[{\"@type\":\"SearchAction\",\"target\":{\"@type\":\"EntryPoint\",\"urlTemplate\":\"https:\/\/utrans.ee\/et\/?s={search_term_string}\"},\"query-input\":{\"@type\":\"PropertyValueSpecification\",\"valueRequired\":true,\"valueName\":\"search_term_string\"}}],\"inLanguage\":\"et\"},{\"@type\":\"Organization\",\"@id\":\"https:\/\/utrans.ee\/et\/#organization\",\"name\":\"Utrans Logistics\",\"url\":\"https:\/\/utrans.ee\/et\/\",\"logo\":{\"@type\":\"ImageObject\",\"inLanguage\":\"et\",\"@id\":\"https:\/\/utrans.ee\/et\/#\/schema\/logo\/image\/\",\"url\":\"https:\/\/utrans.ee\/wp-content\/uploads\/2024\/01\/Utrans-new2.png\",\"contentUrl\":\"https:\/\/utrans.ee\/wp-content\/uploads\/2024\/01\/Utrans-new2.png\",\"width\":700,\"height\":236,\"caption\":\"Utrans Logistics\"},\"image\":{\"@id\":\"https:\/\/utrans.ee\/et\/#\/schema\/logo\/image\/\"},\"sameAs\":[\"https:\/\/www.linkedin.com\/in\/julia-durduk-3437a412a?originalSubdomain=ee\"]}]}<\/script>\n<!-- \/ Yoast SEO plugin. -->","yoast_head_json":{"title":"Teenused - Utrans Logistics","robots":{"index":"index","follow":"follow","max-snippet":"max-snippet:-1","max-image-preview":"max-image-preview:large","max-video-preview":"max-video-preview:-1"},"canonical":"https:\/\/utrans.ee\/et\/teenused\/","og_locale":"et_EE","og_type":"article","og_title":"Teenused - Utrans Logistics","og_description":"Teenused Ettev\u00f5te UTrans Logistics O\u00dc osutab mereveoteenuseid ja meil on otselepingud k\u00f5igi esindatud suurte Eesti laevafirmade ja sadamatega.... Ettev\u00f5te UTrans Logistics O\u00dc osutab kauba autoveoteenuseid nii juriidilistele kui ka f\u00fc\u00fcsilistele isikutele: \u2022Autovedude korraldamine Euroopas, SR\u00dcs,......UTrans Logistics O\u00dc on spetsialiseerunud suurem\u00f5\u00f5tmeliste ja projektiveoteenuste osutamisele. Enam kui 25-aastane kogemus multimodaalsete... ... UTrans Logistics O\u00dc osutab raudteekaubaveo teenuseid [&hellip;]","og_url":"https:\/\/utrans.ee\/et\/teenused\/","og_site_name":"Utrans Logistics","article_modified_time":"2024-02-20T20:08:30+00:00","twitter_card":"summary_large_image","twitter_misc":{"Est. reading time":"4 minutit"},"schema":{"@context":"https:\/\/schema.org","@graph":[{"@type":"WebPage","@id":"https:\/\/utrans.ee\/et\/teenused\/","url":"https:\/\/utrans.ee\/et\/teenused\/","name":"Teenused - Utrans Logistics","isPartOf":{"@id":"https:\/\/utrans.ee\/et\/#website"},"datePublished":"2023-12-06T09:58:49+00:00","dateModified":"2024-02-20T20:08:30+00:00","breadcrumb":{"@id":"https:\/\/utrans.ee\/et\/teenused\/#breadcrumb"},"inLanguage":"et","potentialAction":[{"@type":"ReadAction","target":["https:\/\/utrans.ee\/et\/teenused\/"]}]},{"@type":"BreadcrumbList","@id":"https:\/\/utrans.ee\/et\/teenused\/#breadcrumb","itemListElement":[{"@type":"ListItem","position":1,"name":"Home","item":"https:\/\/utrans.ee\/et\/"},{"@type":"ListItem","position":2,"name":"Teenused"}]},{"@type":"WebSite","@id":"https:\/\/utrans.ee\/et\/#website","url":"https:\/\/utrans.ee\/et\/","name":"Utrans.ee","description":"Cargo logistics all over the world","publisher":{"@id":"https:\/\/utrans.ee\/et\/#organization"},"potentialAction":[{"@type":"SearchAction","target":{"@type":"EntryPoint","urlTemplate":"https:\/\/utrans.ee\/et\/?s={search_term_string}"},"query-input":{"@type":"PropertyValueSpecification","valueRequired":true,"valueName":"search_term_string"}}],"inLanguage":"et"},{"@type":"Organization","@id":"https:\/\/utrans.ee\/et\/#organization","name":"Utrans Logistics","url":"https:\/\/utrans.ee\/et\/","logo":{"@type":"ImageObject","inLanguage":"et","@id":"https:\/\/utrans.ee\/et\/#\/schema\/logo\/image\/","url":"https:\/\/utrans.ee\/wp-content\/uploads\/2024\/01\/Utrans-new2.png","contentUrl":"https:\/\/utrans.ee\/wp-content\/uploads\/2024\/01\/Utrans-new2.png","width":700,"height":236,"caption":"Utrans Logistics"},"image":{"@id":"https:\/\/utrans.ee\/et\/#\/schema\/logo\/image\/"},"sameAs":["https:\/\/www.linkedin.com\/in\/julia-durduk-3437a412a?originalSubdomain=ee"]}]}},"_links":{"self":[{"href":"https:\/\/utrans.ee\/et\/wp-json\/wp\/v2\/pages\/1465","targetHints":{"allow":["GET"]}}],"collection":[{"href":"https:\/\/utrans.ee\/et\/wp-json\/wp\/v2\/pages"}],"about":[{"href":"https:\/\/utrans.ee\/et\/wp-json\/wp\/v2\/types\/page"}],"author":[{"embeddable":true,"href":"https:\/\/utrans.ee\/et\/wp-json\/wp\/v2\/users\/1"}],"replies":[{"embeddable":true,"href":"https:\/\/utrans.ee\/et\/wp-json\/wp\/v2\/comments?post=1465"}],"version-history":[{"count":20,"href":"https:\/\/utrans.ee\/et\/wp-json\/wp\/v2\/pages\/1465\/revisions"}],"predecessor-version":[{"id":1672,"href":"https:\/\/utrans.ee\/et\/wp-json\/wp\/v2\/pages\/1465\/revisions\/1672"}],"wp:attachment":[{"href":"https:\/\/utrans.ee\/et\/wp-json\/wp\/v2\/media?parent=1465"}],"curies":[{"name":"wp","href":"https:\/\/api.w.org\/{rel}","templated":true}]}}